{"id":926,"date":"2018-03-12T14:31:21","date_gmt":"2018-03-12T14:31:21","guid":{"rendered":"http:\/\/pubweb.carnet.hr\/dkst\/?page_id=926"},"modified":"2018-10-11T16:03:57","modified_gmt":"2018-10-11T16:03:57","slug":"3-strucni-kolokvij","status":"publish","type":"page","link":"https:\/\/dkst.hr\/?page_id=926","title":{"rendered":"3. stru\u010dni kolokvij"},"content":{"rendered":"<p style=\"text-align: left;\"><strong>PROGRAM<\/strong><\/p>\n<p>Datum: 12. o\u017eujka 2018. godine (ponedjeljak) 10.00 \u2013 12.00 h<\/p>\n<p>Mjesto:\u00a0Velika dvorana Gradske knji\u017enice Marka Maruli\u0107a u Splitu (Ulica slobode 2)<\/p>\n<p>Moderatorica: dr. sc. Snje\u017eana Dimzov, vi\u0161a knji\u017eni\u010darka<\/p>\n<p>Izlaganja:<\/p>\n<p><em><strong>Tragovima Rimskog Carstva &#8211; povijest lopte (film)<\/strong><\/em><br \/>\nMarija \u010celan &#8211; Miji\u0107, dipl. knji\u017e i Ana \u0106aleta, dipl. u\u010d. (O\u0160 Trilj)<\/p>\n<p><strong><em>Vodeni znakovi u arhivskoj zbirci Arheolo\u0161kog muzeja u Splitu<\/em><\/strong><br \/>\nAntonela Bokan, dipl. knji\u017e. (Arheolo\u0161ki muzej u Splitu)<\/p>\n<p><em><strong>INELI &#8211; Balkans (International Network of Emerging Library Innovators \/ Balkan region)<\/strong><\/em><br \/>\nMladen Masar, knji\u017e. savjetnik (Dru\u0161tvo knji\u017eni\u010dara Zadar)<\/p>\n<p>Fotografije s kolokvija pogledajte <a href=\"https:\/\/www.facebook.com\/pg\/drustvoknjiznicarausplitu\/photos\/?tab=album&amp;album_id=1654202884661085\">OVDJE<\/a>.<\/p>\n","protected":false},"excerpt":{"rendered":"<p>PROGRAM Datum: 12. o\u017eujka 2018. godine (ponedjeljak) 10.00 \u2013 12.00 h Mjesto:\u00a0Velika dvorana Gradske knji\u017enice Marka Maruli\u0107a u Splitu (Ulica slobode 2) Moderatorica: dr. sc. Snje\u017eana Dimzov, vi\u0161a knji\u017eni\u010darka Izlaganja:&#8230; <\/p>\n","protected":false},"author":1,"featured_media":0,"parent":0,"menu_order":0,"comment_status":"closed","ping_status":"closed","template":"","meta":{"pgc_meta":"","spay_email":""},"pgc_meta":"","_links":{"self":[{"href":"https:\/\/dkst.hr\/index.php?rest_route=\/wp\/v2\/pages\/926"}],"collection":[{"href":"https:\/\/dkst.hr\/index.php?rest_route=\/wp\/v2\/pages"}],"about":[{"href":"https:\/\/dkst.hr\/index.php?rest_route=\/wp\/v2\/types\/page"}],"author":[{"embeddable":true,"href":"https:\/\/dkst.hr\/index.php?rest_route=\/wp\/v2\/users\/1"}],"replies":[{"embeddable":true,"href":"https:\/\/dkst.hr\/index.php?rest_route=%2Fwp%2Fv2%2Fcomments&post=926"}],"version-history":[{"count":6,"href":"https:\/\/dkst.hr\/index.php?rest_route=\/wp\/v2\/pages\/926\/revisions"}],"predecessor-version":[{"id":1241,"href":"https:\/\/dkst.hr\/index.php?rest_route=\/wp\/v2\/pages\/926\/revisions\/1241"}],"wp:attachment":[{"href":"https:\/\/dkst.hr\/index.php?rest_route=%2Fwp%2Fv2%2Fmedia&parent=926"}],"curies":[{"name":"wp","href":"https:\/\/api.w.org\/{rel}","templated":true}]}}