{"id":890,"date":"2018-01-30T06:43:16","date_gmt":"2018-01-30T06:43:16","guid":{"rendered":"http:\/\/pubweb.carnet.hr\/dkst\/?page_id=890"},"modified":"2018-03-23T07:31:38","modified_gmt":"2018-03-23T07:31:38","slug":"strucni-kolokvij","status":"publish","type":"page","link":"https:\/\/dkst.hr\/?page_id=890","title":{"rendered":"STRU\u010cNI KOLOKVIJ"},"content":{"rendered":"<p>Stru\u010dni kolokvij DKST-a odr\u017eava se dva puta godi\u0161nje, a namijenjen je knji\u017eni\u010darima iz svih vrsta knji\u017enica.<\/p>\n","protected":false},"excerpt":{"rendered":"<p>Stru\u010dni kolokvij DKST-a odr\u017eava se dva puta godi\u0161nje, a namijenjen je knji\u017eni\u010darima iz svih vrsta knji\u017enica.<\/p>\n","protected":false},"author":1,"featured_media":1288,"parent":0,"menu_order":0,"comment_status":"closed","ping_status":"closed","template":"","meta":{"pgc_meta":"","spay_email":""},"pgc_meta":"","_links":{"self":[{"href":"https:\/\/dkst.hr\/index.php?rest_route=\/wp\/v2\/pages\/890"}],"collection":[{"href":"https:\/\/dkst.hr\/index.php?rest_route=\/wp\/v2\/pages"}],"about":[{"href":"https:\/\/dkst.hr\/index.php?rest_route=\/wp\/v2\/types\/page"}],"author":[{"embeddable":true,"href":"https:\/\/dkst.hr\/index.php?rest_route=\/wp\/v2\/users\/1"}],"replies":[{"embeddable":true,"href":"https:\/\/dkst.hr\/index.php?rest_route=%2Fwp%2Fv2%2Fcomments&post=890"}],"version-history":[{"count":3,"href":"https:\/\/dkst.hr\/index.php?rest_route=\/wp\/v2\/pages\/890\/revisions"}],"predecessor-version":[{"id":1314,"href":"https:\/\/dkst.hr\/index.php?rest_route=\/wp\/v2\/pages\/890\/revisions\/1314"}],"wp:featuredmedia":[{"embeddable":true,"href":"https:\/\/dkst.hr\/index.php?rest_route=\/wp\/v2\/media\/1288"}],"wp:attachment":[{"href":"https:\/\/dkst.hr\/index.php?rest_route=%2Fwp%2Fv2%2Fmedia&parent=890"}],"curies":[{"name":"wp","href":"https:\/\/api.w.org\/{rel}","templated":true}]}}