{"id":884,"date":"2018-01-30T06:42:40","date_gmt":"2018-01-30T06:42:40","guid":{"rendered":"http:\/\/pubweb.carnet.hr\/dkst\/?page_id=884"},"modified":"2018-06-06T20:44:01","modified_gmt":"2018-06-06T20:44:01","slug":"clanstvo","status":"publish","type":"page","link":"https:\/\/dkst.hr\/?page_id=884","title":{"rendered":"\u010cLANSTVO"},"content":{"rendered":"<p>\u010clanstvo je u Dru\u0161tvu dobrovoljno. \u010clanovi Dru\u0161tva mogu biti punoljetne poslovno sposobne fizi\u010dke i pravne osobe.<\/p>\n","protected":false},"excerpt":{"rendered":"<p>\u010clanstvo je u Dru\u0161tvu dobrovoljno. \u010clanovi Dru\u0161tva mogu biti punoljetne poslovno sposobne fizi\u010dke i pravne osobe.<\/p>\n","protected":false},"author":1,"featured_media":0,"parent":0,"menu_order":0,"comment_status":"closed","ping_status":"closed","template":"","meta":{"pgc_meta":"","spay_email":""},"pgc_meta":"","_links":{"self":[{"href":"https:\/\/dkst.hr\/index.php?rest_route=\/wp\/v2\/pages\/884"}],"collection":[{"href":"https:\/\/dkst.hr\/index.php?rest_route=\/wp\/v2\/pages"}],"about":[{"href":"https:\/\/dkst.hr\/index.php?rest_route=\/wp\/v2\/types\/page"}],"author":[{"embeddable":true,"href":"https:\/\/dkst.hr\/index.php?rest_route=\/wp\/v2\/users\/1"}],"replies":[{"embeddable":true,"href":"https:\/\/dkst.hr\/index.php?rest_route=%2Fwp%2Fv2%2Fcomments&post=884"}],"version-history":[{"count":3,"href":"https:\/\/dkst.hr\/index.php?rest_route=\/wp\/v2\/pages\/884\/revisions"}],"predecessor-version":[{"id":1594,"href":"https:\/\/dkst.hr\/index.php?rest_route=\/wp\/v2\/pages\/884\/revisions\/1594"}],"wp:attachment":[{"href":"https:\/\/dkst.hr\/index.php?rest_route=%2Fwp%2Fv2%2Fmedia&parent=884"}],"curies":[{"name":"wp","href":"https:\/\/api.w.org\/{rel}","templated":true}]}}