{"id":878,"date":"2018-01-30T06:42:10","date_gmt":"2018-01-30T06:42:10","guid":{"rendered":"http:\/\/pubweb.carnet.hr\/dkst\/?page_id=878"},"modified":"2018-06-06T20:43:03","modified_gmt":"2018-06-06T20:43:03","slug":"o-nama","status":"publish","type":"page","link":"https:\/\/dkst.hr\/?page_id=878","title":{"rendered":"O NAMA"},"content":{"rendered":"<p>Dru\u0161tvo knji\u017eni\u010dara u Splitu regionalno je dru\u0161tvo HKD-a koje okuplja knji\u017eni\u010dare iz svih vrsta knji\u017enica u Splitsko-dalmatinskoj \u017eupaniji.<\/p>\n<p>Temeljni ciljevi Dru\u0161tva su:<br \/>\n&#8211; okupljanje i organiziranje \u010dlanova Dru\u0161tva u svrhu zajedni\u010dkog djelovanja i jedinstvenog istupanja na podru\u010dju za\u0161tite, unaprje\u0111ivanja i promicanja knji\u017enica, knji\u017eni\u010darstva i informacijskih znanosti,<br \/>\n&#8211; promicanje za\u0161tite nacionalne i zavi\u010dajne kulturne ba\u0161tine,<br \/>\n&#8211; promicanje informacijske pismenosti i slobodnog pristupa informacijama za sve gra\u0111ane,<br \/>\n&#8211; suradnja s knji\u017eni\u010darskim dru\u0161tvima na podru\u010dju Republike Hrvatske i inozemstva te drugim udrugama i ustanovama iz srodnih djelatnosti i slu\u017ebi.<\/p>\n<p>Podru\u010dje djelovanja Dru\u0161tva s obzirom na ciljeve jest kultura i umjetnost.<\/p>\n","protected":false},"excerpt":{"rendered":"<p>Dru\u0161tvo knji\u017eni\u010dara u Splitu regionalno je dru\u0161tvo HKD-a koje okuplja knji\u017eni\u010dare iz svih vrsta knji\u017enica u Splitsko-dalmatinskoj \u017eupaniji. Temeljni ciljevi Dru\u0161tva su: &#8211; okupljanje i organiziranje \u010dlanova Dru\u0161tva u svrhu&#8230; <\/p>\n","protected":false},"author":1,"featured_media":0,"parent":0,"menu_order":0,"comment_status":"closed","ping_status":"closed","template":"","meta":{"pgc_meta":"","spay_email":""},"pgc_meta":"","_links":{"self":[{"href":"https:\/\/dkst.hr\/index.php?rest_route=\/wp\/v2\/pages\/878"}],"collection":[{"href":"https:\/\/dkst.hr\/index.php?rest_route=\/wp\/v2\/pages"}],"about":[{"href":"https:\/\/dkst.hr\/index.php?rest_route=\/wp\/v2\/types\/page"}],"author":[{"embeddable":true,"href":"https:\/\/dkst.hr\/index.php?rest_route=\/wp\/v2\/users\/1"}],"replies":[{"embeddable":true,"href":"https:\/\/dkst.hr\/index.php?rest_route=%2Fwp%2Fv2%2Fcomments&post=878"}],"version-history":[{"count":3,"href":"https:\/\/dkst.hr\/index.php?rest_route=\/wp\/v2\/pages\/878\/revisions"}],"predecessor-version":[{"id":1593,"href":"https:\/\/dkst.hr\/index.php?rest_route=\/wp\/v2\/pages\/878\/revisions\/1593"}],"wp:attachment":[{"href":"https:\/\/dkst.hr\/index.php?rest_route=%2Fwp%2Fv2%2Fmedia&parent=878"}],"curies":[{"name":"wp","href":"https:\/\/api.w.org\/{rel}","templated":true}]}}