{"id":872,"date":"2018-01-29T17:40:47","date_gmt":"2018-01-29T17:40:47","guid":{"rendered":"http:\/\/pubweb.carnet.hr\/dkst\/?page_id=872"},"modified":"2018-01-29T17:40:47","modified_gmt":"2018-01-29T17:40:47","slug":"poslovnik-o-radu-skupstine","status":"publish","type":"page","link":"https:\/\/dkst.hr\/?page_id=872","title":{"rendered":"Poslovnik o radu Skup\u0161tine"},"content":{"rendered":"<p><a href=\"http:\/\/pubweb.carnet.hr\/dkst\/wp-content\/uploads\/sites\/186\/2018\/01\/Poslovnik-Skupstina.pdf\">Poslovnik o radu Skup\u0161tine Dru\u0161tva knji\u017eni\u010dara u Splitu<\/a> (usvojen na sjednici odr\u017eanoj 26. sije\u010dnja 2018.)<\/p>\n","protected":false},"excerpt":{"rendered":"<p>Poslovnik o radu Skup\u0161tine Dru\u0161tva knji\u017eni\u010dara u Splitu (usvojen na sjednici odr\u017eanoj 26. sije\u010dnja 2018.)<\/p>\n","protected":false},"author":1,"featured_media":0,"parent":0,"menu_order":0,"comment_status":"closed","ping_status":"closed","template":"","meta":{"pgc_meta":"","spay_email":""},"pgc_meta":"","_links":{"self":[{"href":"https:\/\/dkst.hr\/index.php?rest_route=\/wp\/v2\/pages\/872"}],"collection":[{"href":"https:\/\/dkst.hr\/index.php?rest_route=\/wp\/v2\/pages"}],"about":[{"href":"https:\/\/dkst.hr\/index.php?rest_route=\/wp\/v2\/types\/page"}],"author":[{"embeddable":true,"href":"https:\/\/dkst.hr\/index.php?rest_route=\/wp\/v2\/users\/1"}],"replies":[{"embeddable":true,"href":"https:\/\/dkst.hr\/index.php?rest_route=%2Fwp%2Fv2%2Fcomments&post=872"}],"version-history":[{"count":0,"href":"https:\/\/dkst.hr\/index.php?rest_route=\/wp\/v2\/pages\/872\/revisions"}],"wp:attachment":[{"href":"https:\/\/dkst.hr\/index.php?rest_route=%2Fwp%2Fv2%2Fmedia&parent=872"}],"curies":[{"name":"wp","href":"https:\/\/api.w.org\/{rel}","templated":true}]}}