{"id":789,"date":"2017-10-11T06:44:21","date_gmt":"2017-10-11T06:44:21","guid":{"rendered":"http:\/\/pubweb.carnet.hr\/dkst\/?page_id=789"},"modified":"2017-10-11T06:44:21","modified_gmt":"2017-10-11T06:44:21","slug":"informacije-o-eu-u-narodnim-knjiznicama-2005-2007","status":"publish","type":"page","link":"https:\/\/dkst.hr\/?page_id=789","title":{"rendered":"Informacije o EU u narodnim knji\u017enicama (2005.-2007.)"},"content":{"rendered":"<p><img decoding=\"async\" loading=\"lazy\" class=\"alignnone size-medium wp-image-790 aligncenter\" src=\"http:\/\/pubweb.carnet.hr\/dkst\/wp-content\/uploads\/sites\/186\/2017\/10\/program-eu-logo-300x106.jpg\" alt=\"\" width=\"300\" height=\"106\" srcset=\"https:\/\/dkst.hr\/wp-content\/uploads\/2017\/10\/program-eu-logo-300x106.jpg 300w, https:\/\/dkst.hr\/wp-content\/uploads\/2017\/10\/program-eu-logo.jpg 432w\" sizes=\"(max-width: 300px) 100vw, 300px\" \/><\/p>\n<p>Dru\u0161tvo knji\u017eni\u010dara u Splitu sudjelovalo je u trogodi\u0161njem projektu &#8220;Informacije o Europskoj uniji u narodnim knji\u017enicama&#8221; (2005. &#8211; 2007.). Udruge partneri u programu bili su: Hrvatsko knji\u017eni\u010darsko dru\u0161tvo, Dru\u0161tvo bibliotekara Istre,\u00a0Dru\u0161tvo knji\u017eni\u010dara Bilogore, Podravine i Kalni\u010dkog prigorja, Dru\u0161tvo knji\u017eni\u010dara u Splitu,\u00a0Dru\u0161tvo knji\u017eni\u010dara Zadar, Knji\u017eni\u010darsko dru\u0161tvo Dubrovnik, Knji\u017eni\u010darsko dru\u0161tvo Krapinsko-zagorske \u017eupanije,\u00a0Knji\u017eni\u010darsko dru\u0161tvo Rijeka,\u00a0Knji\u017eni\u010darsko dru\u0161tvo Sisa\u010dko-moslava\u010dke \u017eupanije,\u00a0Knji\u017eni\u010darsko dru\u0161tvo Vara\u017edinske \u017eupanije,\u00a0Zagreba\u010dko knji\u017eni\u010darsko dru\u0161tvo i Nizozemsko udru\u017eenje narodnih knji\u017enica (NPLA).<\/p>\n<p>U sklopu projekta u Splitu je 3. listopada 2005. godine odr\u017eana radionica Informacije o Europskoj uniji u narodnim knji\u017enicama. U 2006. godini Mati\u010dna slu\u017eba na\u0161e \u017eupanije boravila je u Nizozemskoj na petodnevnoj radionici, a 26. listopada 2006. godine kolege iz\u00a0Nizozemskog udru\u017eenja narodnih knji\u017enica (NPLA) posjetile su Gradsku knji\u017enicu Trogir, a zatim splitske i \u0161ibenske knji\u017enice.\u00a0\u00a0<a href=\"http:\/\/pubweb.carnet.hr\/dkst\/wp-content\/uploads\/sites\/186\/2017\/10\/eu-trogirski-list-2006-11-04.jpg\">(\u010dlanak objavljen\u00a0 u Trogirskom listu, 4.11.2006.)<\/a><br \/>\nVi\u0161e o projektu pogledajte <a href=\"http:\/\/www.hkdrustvo.hr\/euinfo\/naslovnica\">OVDJE<\/a>.<\/p>\n<p>&nbsp;<\/p>\n<p>&nbsp;<\/p>\n","protected":false},"excerpt":{"rendered":"<p>Dru\u0161tvo knji\u017eni\u010dara u Splitu sudjelovalo je u trogodi\u0161njem projektu &#8220;Informacije o Europskoj uniji u narodnim knji\u017enicama&#8221; (2005. &#8211; 2007.). Udruge partneri u programu bili su: Hrvatsko knji\u017eni\u010darsko dru\u0161tvo, Dru\u0161tvo bibliotekara&#8230; <\/p>\n","protected":false},"author":1,"featured_media":0,"parent":0,"menu_order":0,"comment_status":"closed","ping_status":"closed","template":"","meta":{"pgc_meta":"","spay_email":""},"pgc_meta":"","_links":{"self":[{"href":"https:\/\/dkst.hr\/index.php?rest_route=\/wp\/v2\/pages\/789"}],"collection":[{"href":"https:\/\/dkst.hr\/index.php?rest_route=\/wp\/v2\/pages"}],"about":[{"href":"https:\/\/dkst.hr\/index.php?rest_route=\/wp\/v2\/types\/page"}],"author":[{"embeddable":true,"href":"https:\/\/dkst.hr\/index.php?rest_route=\/wp\/v2\/users\/1"}],"replies":[{"embeddable":true,"href":"https:\/\/dkst.hr\/index.php?rest_route=%2Fwp%2Fv2%2Fcomments&post=789"}],"version-history":[{"count":0,"href":"https:\/\/dkst.hr\/index.php?rest_route=\/wp\/v2\/pages\/789\/revisions"}],"wp:attachment":[{"href":"https:\/\/dkst.hr\/index.php?rest_route=%2Fwp%2Fv2%2Fmedia&parent=789"}],"curies":[{"name":"wp","href":"https:\/\/api.w.org\/{rel}","templated":true}]}}