{"id":735,"date":"2017-07-02T14:05:34","date_gmt":"2017-07-02T14:05:34","guid":{"rendered":"http:\/\/pubweb.carnet.hr\/dkst\/?page_id=735"},"modified":"2023-10-11T12:10:45","modified_gmt":"2023-10-11T12:10:45","slug":"kontakt","status":"publish","type":"page","link":"https:\/\/dkst.hr\/?page_id=735","title":{"rendered":"Kontakt"},"content":{"rendered":"<p>Dru\u0161tvo knji\u017eni\u010dara u Splitu<br \/>\nc\/o Sveu\u010dili\u0161na knji\u017enica u Splitu<br \/>\nRu\u0111era Bo\u0161kovi\u0107a 31<br \/>\n21 000 Split<br \/>\ndrustvoknjiznicarausplitu@gmail.com<br \/>\nwww.dkst.hr<\/p>\n<p>RNO: 0259144<br \/>\nMB: 03155218<br \/>\nOIB: 30663522513<br \/>\nIBAN: HR8924070001100579754 (OTP banka)<\/p>\n","protected":false},"excerpt":{"rendered":"<p>Dru\u0161tvo knji\u017eni\u010dara u Splitu c\/o Sveu\u010dili\u0161na knji\u017enica u Splitu Ru\u0111era Bo\u0161kovi\u0107a 31 21 000 Split drustvoknjiznicarausplitu@gmail.com www.dkst.hr RNO: 0259144 MB: 03155218 OIB: 30663522513 IBAN: HR8924070001100579754 (OTP banka)<\/p>\n","protected":false},"author":1,"featured_media":0,"parent":0,"menu_order":0,"comment_status":"closed","ping_status":"closed","template":"","meta":{"pgc_meta":"","spay_email":""},"pgc_meta":"","_links":{"self":[{"href":"https:\/\/dkst.hr\/index.php?rest_route=\/wp\/v2\/pages\/735"}],"collection":[{"href":"https:\/\/dkst.hr\/index.php?rest_route=\/wp\/v2\/pages"}],"about":[{"href":"https:\/\/dkst.hr\/index.php?rest_route=\/wp\/v2\/types\/page"}],"author":[{"embeddable":true,"href":"https:\/\/dkst.hr\/index.php?rest_route=\/wp\/v2\/users\/1"}],"replies":[{"embeddable":true,"href":"https:\/\/dkst.hr\/index.php?rest_route=%2Fwp%2Fv2%2Fcomments&post=735"}],"version-history":[{"count":5,"href":"https:\/\/dkst.hr\/index.php?rest_route=\/wp\/v2\/pages\/735\/revisions"}],"predecessor-version":[{"id":2486,"href":"https:\/\/dkst.hr\/index.php?rest_route=\/wp\/v2\/pages\/735\/revisions\/2486"}],"wp:attachment":[{"href":"https:\/\/dkst.hr\/index.php?rest_route=%2Fwp%2Fv2%2Fmedia&parent=735"}],"curies":[{"name":"wp","href":"https:\/\/api.w.org\/{rel}","templated":true}]}}