{"id":641,"date":"2017-05-29T06:46:52","date_gmt":"2017-05-29T06:46:52","guid":{"rendered":"http:\/\/pubweb.carnet.hr\/dkst\/?page_id=641"},"modified":"2018-03-22T08:59:07","modified_gmt":"2018-03-22T08:59:07","slug":"broj-10-11","status":"publish","type":"page","link":"https:\/\/dkst.hr\/?page_id=641","title":{"rendered":"Broj 10-11"},"content":{"rendered":"<p><img decoding=\"async\" loading=\"lazy\" class=\"alignnone size-medium wp-image-642\" src=\"http:\/\/pubweb.carnet.hr\/dkst\/wp-content\/uploads\/sites\/186\/2017\/05\/GDBS_br_10_110001-e1496039185713-211x300.jpg\" alt=\"\" width=\"211\" height=\"300\" srcset=\"https:\/\/dkst.hr\/wp-content\/uploads\/2017\/05\/GDBS_br_10_110001-e1496039185713-211x300.jpg 211w, https:\/\/dkst.hr\/wp-content\/uploads\/2017\/05\/GDBS_br_10_110001-e1496039185713-768x1090.jpg 768w, https:\/\/dkst.hr\/wp-content\/uploads\/2017\/05\/GDBS_br_10_110001-e1496039185713-722x1024.jpg 722w, https:\/\/dkst.hr\/wp-content\/uploads\/2017\/05\/GDBS_br_10_110001-e1496039185713.jpg 1059w\" sizes=\"(max-width: 211px) 100vw, 211px\" \/><\/p>\n<p><strong>SADR\u017dAJ broja 10-11\/2012. &#8211; 2013.<\/strong><\/p>\n<p><strong>Predgovor<\/strong><\/p>\n<p><strong>\u010clanci<\/strong><\/p>\n<p>Edita Ba\u010di\u0107, Alemka Belan-Simi\u0107, Ivan\u010dica \u0110ukec Kero: Pravo na knji\u017enicu : prvi portal za javno zagovaranje knji\u017enica (str. 11 &#8211; 22)<\/p>\n<p>Snje\u017eana Dimzov: Razvoj WebPAC-a: primjer fakultetskih knji\u017enica Sveu\u010dili\u0161ta u Splitu (str. 23-42)<\/p>\n<p>Elli Pecoti\u0107: U korak s vremenom: digitalizirana ba\u0161tina u Gradskoj knji\u017enici Marka Maruli\u0107a Split (str. 43-54)<\/p>\n<p>Hanja Ani\u0107: Obrada mjesno dostupne elektroni\u010dke gra\u0111e u knji\u017enici Arheolo\u0161kog muzeja u Splitu (str. 55-64)<\/p>\n<p>Sofija \u010cavi\u0107: Kult elektroni\u010dke knjige: mo\u017ee li elektroni\u010dko nakladni\u0161tvo istrijebiti knjigu? (65-70)<\/p>\n<p>Gordana Miolin: Pristup slu\u017ebenim publikacijama Gradske knji\u017enice Marka Maruli\u0107a u Splitu : upravljanje promjenama (str. 71-81)<\/p>\n<p>Diana Polanski: Izmjene formalnih i korporativnih odrednica kao posljedica raspada Socijalisti\u010dke Federativne Republike Jugoslavije (SFRJ) (str. 82-100)<\/p>\n<p>Arsen Duplan\u010di\u0107: Ure\u0111enje zbirke starih i rijetkih knjiga u samostanu Gospe od Poji\u0161ana u Splitu (str. 101-114)<\/p>\n<p>Jakov Dul\u010di\u0107: Osamdeset godina znanstvenog \u010dasopisa Acta Adriatica (str. 115-124)<\/p>\n<p><strong>Osvrti<\/strong><\/p>\n<p>Evgenija Arh, Sandra Stupi\u010di\u0107: Kratki osvrt na stru\u010dni skup &#8220;Knjiga i knji\u017eevnost na novim medijima&#8221; (str. 125-126)<\/p>\n<p>Elli Pecoti\u0107: Osvrt na 4. radionicu: Partnerstvo u uspostavi knji\u017enica i knji\u017eni\u010dnih usluga (str. 127-129)<\/p>\n<p>\u017dana Siminiati Violi\u0107: Uz 15. godi\u0161njicu osnutka Umjetni\u010dke akademije u Splitu (UMAS) (str. 130-133)<\/p>\n<p>Margita Puhari\u0107: Sveu\u010dili\u0161na knji\u017enica u Splitu i Facebook (str. 134-136)<\/p>\n<p><strong>Bibliografije<\/strong><\/p>\n<p>Mihaela Kova\u010di\u0107: Bibliografija radova o Anti Petravi\u0107u: 1898. &#8211; 1939. (str. 137-156)<\/p>\n<p><strong>Iz rada Dru\u0161tva knji\u017eni\u010dara u Splitu<\/strong><\/p>\n<p>Dijana Erceg: Izvje\u0161\u0107e o radu Dru\u0161tva knji\u017eni\u010dara u Splitu za period od sje\u010dnja do prosinca 2012. (str. 157-162)<\/p>\n<p><strong>Nagrade, priznanja, napredovanja<\/strong><\/p>\n<p>Dubravka Dujmovi\u0107: Nagrade, zvanja i napredovanja \u010dlanova Dru\u0161tva knji\u017eni\u010dara u Splitu (str. 163-164)<\/p>\n<p><strong>In memoriam<\/strong><\/p>\n<p>Jasna Radi\u0107 (str. 165)<\/p>\n<p><strong><a href=\"https:\/\/dkst.hr\/?page_id=503\">Upute autorima<\/a><\/strong> (str. 166)<\/p>\n","protected":false},"excerpt":{"rendered":"<p>SADR\u017dAJ broja 10-11\/2012. &#8211; 2013. Predgovor \u010clanci Edita Ba\u010di\u0107, Alemka Belan-Simi\u0107, Ivan\u010dica \u0110ukec Kero: Pravo na knji\u017enicu : prvi portal za javno zagovaranje knji\u017enica (str. 11 &#8211; 22) Snje\u017eana Dimzov:&#8230; <\/p>\n","protected":false},"author":1,"featured_media":0,"parent":0,"menu_order":0,"comment_status":"closed","ping_status":"closed","template":"","meta":{"pgc_meta":"","spay_email":""},"pgc_meta":"","_links":{"self":[{"href":"https:\/\/dkst.hr\/index.php?rest_route=\/wp\/v2\/pages\/641"}],"collection":[{"href":"https:\/\/dkst.hr\/index.php?rest_route=\/wp\/v2\/pages"}],"about":[{"href":"https:\/\/dkst.hr\/index.php?rest_route=\/wp\/v2\/types\/page"}],"author":[{"embeddable":true,"href":"https:\/\/dkst.hr\/index.php?rest_route=\/wp\/v2\/users\/1"}],"replies":[{"embeddable":true,"href":"https:\/\/dkst.hr\/index.php?rest_route=%2Fwp%2Fv2%2Fcomments&post=641"}],"version-history":[{"count":1,"href":"https:\/\/dkst.hr\/index.php?rest_route=\/wp\/v2\/pages\/641\/revisions"}],"predecessor-version":[{"id":1232,"href":"https:\/\/dkst.hr\/index.php?rest_route=\/wp\/v2\/pages\/641\/revisions\/1232"}],"wp:attachment":[{"href":"https:\/\/dkst.hr\/index.php?rest_route=%2Fwp%2Fv2%2Fmedia&parent=641"}],"curies":[{"name":"wp","href":"https:\/\/api.w.org\/{rel}","templated":true}]}}