{"id":507,"date":"2017-04-26T20:50:30","date_gmt":"2017-04-26T20:50:30","guid":{"rendered":"http:\/\/pubweb.carnet.hr\/dkst\/?page_id=507"},"modified":"2018-11-15T09:25:07","modified_gmt":"2018-11-15T09:25:07","slug":"broj-12-132014-2015","status":"publish","type":"page","link":"https:\/\/dkst.hr\/?page_id=507","title":{"rendered":"Broj 12-13"},"content":{"rendered":"<p><strong><img decoding=\"async\" loading=\"lazy\" class=\"alignnone size-medium wp-image-536\" src=\"http:\/\/pubweb.carnet.hr\/dkst\/wp-content\/uploads\/sites\/186\/2017\/04\/glasnik12-13-201x300.jpg\" alt=\"\" width=\"201\" height=\"300\" srcset=\"https:\/\/dkst.hr\/wp-content\/uploads\/2017\/04\/glasnik12-13-201x300.jpg 201w, https:\/\/dkst.hr\/wp-content\/uploads\/2017\/04\/glasnik12-13-768x1147.jpg 768w, https:\/\/dkst.hr\/wp-content\/uploads\/2017\/04\/glasnik12-13-685x1024.jpg 685w, https:\/\/dkst.hr\/wp-content\/uploads\/2017\/04\/glasnik12-13.jpg 1059w\" sizes=\"(max-width: 201px) 100vw, 201px\" \/><\/strong><\/p>\n<p><strong>SADR\u017dAJ broja 12-13\/2014. &#8211; 2015.<\/strong><\/p>\n<p><strong>Predgovor<\/strong><\/p>\n<p><strong>1. Okrugli stol o javnom zagovaranju &#8211; Zagovaranje za knji\u017enice i knji\u017eni\u010darstvo<\/strong><\/p>\n<p>Radni materijali i zaklju\u010dci (str. 11 &#8211; 24)<\/p>\n<p><strong>\u010clanci<\/strong><\/p>\n<p>Josip Stipanov: Knji\u017enice zajedno &#8211; timski rad i partnerstvo (str. 25 &#8211; 32)<\/p>\n<p>Davorka Basti\u0107: Zagovaranje za knji\u017enice i knji\u017eni\u010darstvo: IFLA-ina Sekcija knji\u017enica velikih gradova &#8211; MLS (str. 33 &#8211; 37)<\/p>\n<p>Emilija Pezer, Tihomir Marojevi\u0107: Umre\u017eavanje i povezivanje knji\u017enica kroz IPA projekt: Libraries for new age &#8211; Knji\u017enice \/ Biblioteke za novo doba (str. 39 &#8211; 51)<\/p>\n<p>Dubravka Dujmovi\u0107: Hrvatski muzej knjige (str. 53 &#8211; 64)<\/p>\n<p><strong>Osvrti<\/strong><\/p>\n<p>Melita Ambro\u017ei\u0107: Okrogla miza &#8211; Zagovorni\u0161tvo knji\u017enic in knji\u017eni\u010darstva (65 &#8211; 70)<\/p>\n<p>Elli Pecoti\u0107: Formiranje knji\u017eni\u010dnih stacionara &#8211; promicanje partnerstva u lokalnoj zajednici (str. 71 &#8211; 72)<\/p>\n<p>Gordana Miolin: Izlo\u017eba posterskih izlaganja \u010dlanova Dru\u0161tva knji\u017eni\u010dara u Splitu (1998. &#8211; 2014.), (str. 73 &#8211; 74)<\/p>\n<p>\u017dana Siminiati Violi\u0107: No\u0107 knjige 2015. (str. 75 &#8211; 76)<\/p>\n<p>Melinda Grubi\u0161i\u0107 Reiter: Projekt Zelena knji\u017enica u Knji\u017eni\u010darskom dru\u0161tvu \u0160ibenik (str. 77 &#8211; 80)<\/p>\n<p><strong>Bibliografije<\/strong><\/p>\n<p>Gordana Miolin: Biografija i bibliografija radova Vesne Mihanovi\u0107 (str. 81 &#8211; 82)<\/p>\n<p><strong>Iz rada Dru\u0161tva knji\u017eni\u010dara u Splitu<\/strong><\/p>\n<p>Dijana Erceg: Izvje\u0161\u0107e o radu Dru\u0161tva knji\u017eni\u010dara u Splitu (str. 83 &#8211; 94)<\/p>\n<p><strong>Nagrade, priznanja, napredovanja<\/strong><\/p>\n<p>Dubravka Dujmovi\u0107: Nagrade, zvanja i napredovanja u knji\u017eni\u010darstvu i obavijesti o umirovljenju \u010dlanova Dru\u0161tva knji\u017eni\u010dara u Splitu (str. 95)<\/p>\n<p><strong><a href=\"https:\/\/dkst.hr\/?page_id=503\">Upute autorima<\/a><\/strong>\u00a0(str. 97 -98)<\/p>\n<p><strong><a href=\"http:\/\/pubweb.carnet.hr\/dkst\/wp-content\/uploads\/sites\/186\/2017\/04\/statut_novo-prociscen-tekst-verz-09-registr-2.pdf\">Statut Dru\u0161tva knji\u017eni\u010dara u Splitu<\/a>\u00a0<\/strong>uskla\u0111en sa Zakonom o udrugama, Narodne novine 74\/2014,\u00a0(str. 99 &#8211; 114)<\/p>\n","protected":false},"excerpt":{"rendered":"<p>SADR\u017dAJ broja 12-13\/2014. &#8211; 2015. Predgovor 1. Okrugli stol o javnom zagovaranju &#8211; Zagovaranje za knji\u017enice i knji\u017eni\u010darstvo Radni materijali i zaklju\u010dci (str. 11 &#8211; 24) \u010clanci Josip Stipanov: Knji\u017enice&#8230; <\/p>\n","protected":false},"author":1,"featured_media":0,"parent":0,"menu_order":0,"comment_status":"closed","ping_status":"closed","template":"","meta":{"pgc_meta":"","spay_email":""},"pgc_meta":"","_links":{"self":[{"href":"https:\/\/dkst.hr\/index.php?rest_route=\/wp\/v2\/pages\/507"}],"collection":[{"href":"https:\/\/dkst.hr\/index.php?rest_route=\/wp\/v2\/pages"}],"about":[{"href":"https:\/\/dkst.hr\/index.php?rest_route=\/wp\/v2\/types\/page"}],"author":[{"embeddable":true,"href":"https:\/\/dkst.hr\/index.php?rest_route=\/wp\/v2\/users\/1"}],"replies":[{"embeddable":true,"href":"https:\/\/dkst.hr\/index.php?rest_route=%2Fwp%2Fv2%2Fcomments&post=507"}],"version-history":[{"count":2,"href":"https:\/\/dkst.hr\/index.php?rest_route=\/wp\/v2\/pages\/507\/revisions"}],"predecessor-version":[{"id":1793,"href":"https:\/\/dkst.hr\/index.php?rest_route=\/wp\/v2\/pages\/507\/revisions\/1793"}],"wp:attachment":[{"href":"https:\/\/dkst.hr\/index.php?rest_route=%2Fwp%2Fv2%2Fmedia&parent=507"}],"curies":[{"name":"wp","href":"https:\/\/api.w.org\/{rel}","templated":true}]}}