{"id":486,"date":"2017-04-26T18:42:35","date_gmt":"2017-04-26T18:42:35","guid":{"rendered":"http:\/\/pubweb.carnet.hr\/dkst\/?page_id=486"},"modified":"2018-03-22T09:07:31","modified_gmt":"2018-03-22T09:07:31","slug":"1-strucni-kolokvij","status":"publish","type":"page","link":"https:\/\/dkst.hr\/?page_id=486","title":{"rendered":"1. stru\u010dni kolokvij"},"content":{"rendered":"<p style=\"text-align: left;\"><strong>PROGRAM<\/strong><\/p>\n<p>Datum: 2. lipnja 2017. (petak) 10.00 \u2013 12.00 h<\/p>\n<p>Mjesto: Velika dvorana Gradske knji\u017enice Marka Maruli\u0107a u Splitu (Ulica slobode 2)<\/p>\n<p><strong>10.00 \u2013 11.00 h Izlaganja i prezentacije<\/strong><\/p>\n<p><strong><em>Hrvatske nacionalne kampanje za poticanje \u010ditanja<br \/>\n<\/em><\/strong>Grozdana Ribi\u010di\u0107, vi\u0161a knji\u017eni\u010darka (Gradska knji\u017enica Marka Maruli\u0107a, Split)<\/p>\n<p><strong><em>Vodeni znakovi Sirijsko-latinskog rje\u010dnika, rukopisa Sveu\u010dili\u0161ne knji\u017enice u Grazu &#8211; odjel za specijalne zbirke<br \/>\n<\/em><\/strong>Antonela Bokan, mag. bibl. (Arheolo\u0161ki muzej u Splitu)<\/p>\n<p><strong><em>Doprinos \u0161kolskih knji\u017enica zajednici (knji\u017enice osnovnih \u0161kola na otocima)<br \/>\n<\/em><\/strong>Sanja Neja\u0161mi\u0107, dipl. knji\u017eni\u010darka, stru\u010dna suradnica mentorica (O\u0160 Vladimira Nazora, Postira)<\/p>\n<p><strong><em>Boys Reading (2014.-2016.)<br \/>\n<\/em><\/strong>dr. sc. Snje\u017eana Dimzov, vi\u0161a knji\u017eni\u010darka (Filozofski fakultet Split)<\/p>\n<p><strong><em>Kviskoteka<br \/>\n<\/em><\/strong>\u0110ur\u0111ica Kamenjarin, prof. filozofije i povijesti umjetnosti (\u017denski \u0111a\u010dki dom Split)<\/p>\n<p><strong>11.15 \u2013 11.30 h Pauza<\/strong><\/p>\n<p><strong>11.30 \u2013 12.00 h Po ure za one koji ne \u017eure\u00a0<\/strong>(neformalno dru\u017eenje i razmjena informacija)<\/p>\n<p>Fotografije s kolokvija pogledajte <a href=\"https:\/\/www.facebook.com\/pg\/drustvoknjiznicarausplitu\/photos\/?tab=album&amp;album_id=1381978168550226\">OVDJE.<\/a><\/p>\n","protected":false},"excerpt":{"rendered":"<p>PROGRAM Datum: 2. lipnja 2017. (petak) 10.00 \u2013 12.00 h Mjesto: Velika dvorana Gradske knji\u017enice Marka Maruli\u0107a u Splitu (Ulica slobode 2) 10.00 \u2013 11.00 h Izlaganja i prezentacije Hrvatske&#8230; <\/p>\n","protected":false},"author":1,"featured_media":0,"parent":0,"menu_order":0,"comment_status":"closed","ping_status":"closed","template":"","meta":{"pgc_meta":"","spay_email":""},"pgc_meta":"","_links":{"self":[{"href":"https:\/\/dkst.hr\/index.php?rest_route=\/wp\/v2\/pages\/486"}],"collection":[{"href":"https:\/\/dkst.hr\/index.php?rest_route=\/wp\/v2\/pages"}],"about":[{"href":"https:\/\/dkst.hr\/index.php?rest_route=\/wp\/v2\/types\/page"}],"author":[{"embeddable":true,"href":"https:\/\/dkst.hr\/index.php?rest_route=\/wp\/v2\/users\/1"}],"replies":[{"embeddable":true,"href":"https:\/\/dkst.hr\/index.php?rest_route=%2Fwp%2Fv2%2Fcomments&post=486"}],"version-history":[{"count":2,"href":"https:\/\/dkst.hr\/index.php?rest_route=\/wp\/v2\/pages\/486\/revisions"}],"predecessor-version":[{"id":1242,"href":"https:\/\/dkst.hr\/index.php?rest_route=\/wp\/v2\/pages\/486\/revisions\/1242"}],"wp:attachment":[{"href":"https:\/\/dkst.hr\/index.php?rest_route=%2Fwp%2Fv2%2Fmedia&parent=486"}],"curies":[{"name":"wp","href":"https:\/\/api.w.org\/{rel}","templated":true}]}}