{"id":361,"date":"2017-04-24T13:17:37","date_gmt":"2017-04-24T13:17:37","guid":{"rendered":"http:\/\/pubweb.carnet.hr\/dkst\/?page_id=361"},"modified":"2024-09-18T18:12:09","modified_gmt":"2024-09-18T18:12:09","slug":"nasi-clanovi-u-tijelima-hkd","status":"publish","type":"page","link":"https:\/\/dkst.hr\/?page_id=361","title":{"rendered":"Na\u0161i \u010dlanovi u tijelima HKD-a"},"content":{"rendered":"<p><strong><span style=\"vertical-align: inherit;\"><span style=\"vertical-align: inherit;\">ORGANIZACIJSKA TIJELA HKD-a<\/span><\/span><\/strong><\/p>\n<hr \/>\n<p><strong><span style=\"vertical-align: inherit;\"><span style=\"vertical-align: inherit;\">Glavni odbor<\/span><\/span><\/strong><\/p>\n<p><span style=\"vertical-align: inherit;\"><span style=\"vertical-align: inherit;\">Sanja Brbora (1. potpredsjednica), Sveu\u010dili\u0161na knji\u017enica u Splitu<\/span><\/span><\/p>\n<p><strong><span style=\"vertical-align: inherit;\"><span style=\"vertical-align: inherit;\">Stru\u010dni odbor<\/span><\/span><\/strong><\/p>\n<p><span style=\"vertical-align: inherit;\"><span style=\"vertical-align: inherit;\">Irena Urem (\u010dlan), Sveu\u010dili\u0161na knji\u017enica u Splitu<\/span><\/span><\/p>\n<p><strong><span style=\"vertical-align: inherit;\"><span style=\"vertical-align: inherit;\">Eti\u010dko povjerenstvo<\/span><\/span><\/strong><\/p>\n<p><span style=\"vertical-align: inherit;\"><span style=\"vertical-align: inherit;\">Mihaela Kova\u010di\u0107 (zamjena), Sveu\u010dili\u0161na knji\u017enica u Splitu<\/span><\/span><\/p>\n<hr \/>\n<p><strong><span style=\"vertical-align: inherit;\"><span style=\"vertical-align: inherit;\">UREDNI\u0160TVA HKD IZDANJA<\/span><\/span><\/strong><\/p>\n<hr \/>\n<p><strong><span style=\"vertical-align: inherit;\"><span style=\"vertical-align: inherit;\">Uredni\u0161tvo HKD Novosti<\/span><\/span><\/strong><\/p>\n<p><span style=\"vertical-align: inherit;\"><span style=\"vertical-align: inherit;\">Sanja Brbora (glavna urednica), Sveu\u010dili\u0161na knji\u017enica u Splitu<\/span><\/span><\/p>\n<p><span style=\"vertical-align: inherit;\"><span style=\"vertical-align: inherit;\">Grozdana Ribi\u010di\u0107 (\u010dlan), Gradska knji\u017enica Marka Maruli\u0107a, Split<\/span><\/span><\/p>\n<p><span style=\"vertical-align: inherit;\"><span style=\"vertical-align: inherit;\">Irena Urem (\u010dlan), Sveu\u010dili\u0161na knji\u017enica u Splitu<\/span><\/span><\/p>\n<hr \/>\n<p><strong><span style=\"vertical-align: inherit;\"><span style=\"vertical-align: inherit;\">STRU\u010cNA TIJELA HKD-a<\/span><\/span><\/strong><\/p>\n<hr \/>\n<p><strong><span style=\"vertical-align: inherit;\"><span style=\"vertical-align: inherit;\">SEKCIJA ZA BIBLIOGRAFSKU KONTROLU<\/span><\/span><\/strong><\/p>\n<p><strong><span style=\"vertical-align: inherit;\"><span style=\"vertical-align: inherit;\">Komisija za katalogizaciju<\/span><\/span><\/strong><\/p>\n<p><span style=\"vertical-align: inherit;\"><span style=\"vertical-align: inherit;\">Iva Kolak (\u010dlan), Sveu\u010dili\u0161na knji\u017enica u Splitu<\/span><\/span><\/p>\n<p><strong><span style=\"vertical-align: inherit;\"><span style=\"vertical-align: inherit;\">Komisija za klasifikaciju i predmetno ozna\u010davanje<\/span><\/span><\/strong><\/p>\n<p><span style=\"vertical-align: inherit;\"><span style=\"vertical-align: inherit;\">Ivana Devi\u0107, pridru\u017eena \u010dlanica od 2014., Sveu\u010dili\u0161na knji\u017enica u Splitu<\/span><\/span><\/p>\n<hr \/>\n<p><strong><span style=\"vertical-align: inherit;\"><span style=\"vertical-align: inherit;\">SEKCIJA ZA NARODNE KNJI\u017dNICE<\/span><\/span><\/strong><\/p>\n<p><strong><span style=\"vertical-align: inherit;\"><span style=\"vertical-align: inherit;\">Komisija za \u010ditanje<\/span><\/span><\/strong><\/p>\n<p><span style=\"vertical-align: inherit;\"><span style=\"vertical-align: inherit;\">Romana Jadrijevi\u0107 (zamjenica), KBC Split<\/span><\/span><\/p>\n<p><span style=\"vertical-align: inherit;\"><span style=\"vertical-align: inherit;\">Grozdana Ribi\u010di\u0107 (pridru\u017eeni \u010dlan), Gradska knji\u017enica Marka Maruli\u0107a, Split<\/span><\/span><\/p>\n<hr \/>\n<p><strong><span style=\"vertical-align: inherit;\"><span style=\"vertical-align: inherit;\">SEKCIJA ZA OBRAZOVANJE I ISTRA\u017dIVANJE<\/span><\/span><\/strong><\/p>\n<p><strong><span style=\"vertical-align: inherit;\"><span style=\"vertical-align: inherit;\">Komisija za autorsko pravo i otvoreni pristup<\/span><\/span><\/strong><\/p>\n<p><span style=\"vertical-align: inherit;\"><span style=\"vertical-align: inherit;\">Dubravka Dujmovi\u0107 (promatra\u010dica), Sveu\u010dili\u0161na knji\u017enica u Splitu<\/span><\/span><\/p>\n<p><span style=\"vertical-align: inherit;\"><span style=\"vertical-align: inherit;\">Irena Urem (\u010dlan), Sveu\u010dili\u0161na knji\u017enica u Splitu<\/span><\/span><\/p>\n<p><span style=\"vertical-align: inherit;\"><span style=\"vertical-align: inherit;\">Ivana Ljubi\u0107 (\u010dlan), Prirodoslovno-matemati\u010dki fakultet u Splitu<\/span><\/span><\/p>\n<p><strong><span style=\"vertical-align: inherit;\"><span style=\"vertical-align: inherit;\">Komisija za knji\u017eni\u010darsko nazivlje<\/span><\/span><\/strong><\/p>\n<p><span style=\"vertical-align: inherit;\"><span style=\"vertical-align: inherit;\">Sanja Brbora (\u010dlan), Sveu\u010dili\u0161na knji\u017enica u Splitu<\/span><\/span><\/p>\n<p><strong><span style=\"vertical-align: inherit;\"><span style=\"vertical-align: inherit;\">Komisija za slobodan pristup informacijama i slobodu izra\u017eavanja<\/span><\/span><\/strong><\/p>\n<p><span style=\"vertical-align: inherit;\"><span style=\"vertical-align: inherit;\">Edita Ba\u010di\u0107 (\u010dlan), Pravni fakultet, Split<\/span><\/span><\/p>\n<hr \/>\n<p><strong><span style=\"vertical-align: inherit;\"><span style=\"vertical-align: inherit;\">SEKCIJA ZA \u0160KOLSKE KNJI\u017dNICE<\/span><\/span><\/strong><\/p>\n<p><strong><span style=\"vertical-align: inherit;\"><span style=\"vertical-align: inherit;\">Komisija za osnovno\u0161kolske knji\u017enice<\/span><\/span><\/strong><\/p>\n<p><span style=\"vertical-align: inherit;\"><span style=\"vertical-align: inherit;\">Ana Saula\u010di\u0107, Agencija za odgoj i obrazovanje, Split<\/span><\/span><\/p>\n<hr \/>\n<p><strong><span style=\"vertical-align: inherit;\"><span style=\"vertical-align: inherit;\">SEKCIJA ZA UPRAVLJANJE I TEHNOLOGIJU<\/span><\/span><\/strong><\/p>\n<p><strong><span style=\"vertical-align: inherit;\"><span style=\"vertical-align: inherit;\">Komisija za informacijske tehnologije<\/span><\/span><\/strong><\/p>\n<p><span style=\"vertical-align: inherit;\"><span style=\"vertical-align: inherit;\">Ivana Devi\u0107, Sveu\u010dili\u0161na knji\u017enica u Splitu<\/span><\/span><\/p>\n<p><strong><span class=\"title\"><span style=\"vertical-align: inherit;\"><span style=\"vertical-align: inherit;\">Komisija za javno zagovaranje<\/span><\/span><\/span><\/strong><\/p>\n<p><span style=\"vertical-align: inherit;\"><span style=\"vertical-align: inherit;\">Edita Ba\u010di\u0107, Pravni fakultet, Split<\/span><\/span><\/p>\n<p><span style=\"vertical-align: inherit;\"><span style=\"vertical-align: inherit;\">Sanja Brbora, Sveu\u010dili\u0161na knji\u017enica u Splitu<\/span><\/span><\/p>\n<p><strong><span style=\"vertical-align: inherit;\"><span style=\"vertical-align: inherit;\">Komisija za statistiku i pokazatelje uspje\u0161nosti u knji\u017enicama<\/span><\/span><\/strong><\/p>\n<p><span style=\"vertical-align: inherit;\"><span style=\"vertical-align: inherit;\">Irena Urem (predsjednica), Sveu\u010dili\u0161na knji\u017enica u Splitu<\/span><\/span><\/p>\n<p><strong><span style=\"vertical-align: inherit;\"><span style=\"vertical-align: inherit;\">Radna grupa za Zelene knji\u017enice<\/span><\/span><\/strong><\/p>\n<p><span style=\"vertical-align: inherit;\"><span style=\"vertical-align: inherit;\">Edita Ba\u010di\u0107, Pravni fakultet, Split<\/span><\/span><\/p>\n<hr \/>\n<p><b><span style=\"vertical-align: inherit;\"><span style=\"vertical-align: inherit;\">SEKCIJA ZA VISOKO\u0160KOLSKE I SPECIJALNE KNJI\u017dNICE<\/span><\/span><\/b><\/p>\n<p><strong><span style=\"vertical-align: inherit;\"><span style=\"vertical-align: inherit;\">Komisija za bolni\u010dke knji\u017enice<\/span><\/span><\/strong><\/p>\n<p><span style=\"vertical-align: inherit;\"><span style=\"vertical-align: inherit;\">Romana Jadrijevi\u0107 (potpredsjednica), KBC Split<\/span><\/span><\/p>\n<p><strong><span style=\"vertical-align: inherit;\"><span style=\"vertical-align: inherit;\">Komisija za medicinske knji\u017enice<\/span><\/span><\/strong><\/p>\n<p><span style=\"vertical-align: inherit;\"><span style=\"vertical-align: inherit;\">Ana Utrobi\u010di\u0107, Medicinski fakultet, Split<\/span><\/span><\/p>\n<p><strong><span style=\"vertical-align: inherit;\"><span style=\"vertical-align: inherit;\">Komisija za pravne i srodne knji\u017enice<\/span><\/span><\/strong><\/p>\n<p><span style=\"vertical-align: inherit;\"><span style=\"vertical-align: inherit;\">Edita Ba\u010di\u0107, Pravni fakultet, Split<\/span><\/span><\/p>\n<p><strong><span style=\"vertical-align: inherit;\"><span style=\"vertical-align: inherit;\">Komisija za tehni\u010dke knji\u017enice<\/span><\/span><\/strong><\/p>\n<p><span style=\"vertical-align: inherit;\"><span style=\"vertical-align: inherit;\">Dijana Erceg (\u010dlan), Fakultet gra\u0111evinarstva, arhitekture i geodezije, Split<\/span><\/span><\/p>\n<p><span style=\"vertical-align: inherit;\"><span style=\"vertical-align: inherit;\">Andrija Nenadi\u0107 (\u010dlan), Pomorski fakultet, Split<\/span><\/span><\/p>\n<hr \/>\n<p><strong><span style=\"vertical-align: inherit;\"><span style=\"vertical-align: inherit;\">SEKCIJA ZA ZBIRKE I SLU\u017dBE<\/span><\/span><\/strong><\/p>\n<p><strong><span style=\"vertical-align: inherit;\"><span style=\"vertical-align: inherit;\">Komisija za povijest knjige i knji\u017enica<\/span><\/span><\/strong><\/p>\n<p><span style=\"vertical-align: inherit;\"><span style=\"vertical-align: inherit;\">Mihaela Kova\u010di\u0107 (\u010dlan), Sveu\u010dili\u0161na knji\u017enica u Splitu<\/span><\/span><\/p>\n<p><strong><span style=\"vertical-align: inherit;\"><span style=\"vertical-align: inherit;\">Komisija za zavi\u010dajne zbirke<\/span><\/span><\/strong><\/p>\n<p><span style=\"vertical-align: inherit;\"><span style=\"vertical-align: inherit;\">Margita Mir\u010deta Zakarija (\u010dlan), Sveu\u010dili\u0161na knji\u017enica u Splitu<\/span><\/span><\/p>\n<p><strong><span style=\"vertical-align: inherit;\"><span style=\"vertical-align: inherit;\">Radna grupa za serijske publikacije<\/span><\/span><\/strong><\/p>\n<p><span style=\"vertical-align: inherit;\"><span style=\"vertical-align: inherit;\">Iva Kolak (redovni \u010dlan), Sveu\u010dili\u0161na knji\u017enica u Splitu<\/span><\/span><\/p>\n","protected":false},"excerpt":{"rendered":"<p>ORGANIZACIJSKA TIJELA HKD-a Glavni odbor Sanja Brbora (1. potpredsjednica), Sveu\u010dili\u0161na knji\u017enica u Splitu Stru\u010dni odbor Irena Urem (\u010dlan), Sveu\u010dili\u0161na knji\u017enica u Splitu Eti\u010dko povjerenstvo Mihaela Kova\u010di\u0107 (zamjena), Sveu\u010dili\u0161na knji\u017enica u&#8230; <\/p>\n","protected":false},"author":1,"featured_media":0,"parent":0,"menu_order":0,"comment_status":"closed","ping_status":"closed","template":"","meta":{"pgc_meta":"","spay_email":""},"pgc_meta":"","_links":{"self":[{"href":"https:\/\/dkst.hr\/index.php?rest_route=\/wp\/v2\/pages\/361"}],"collection":[{"href":"https:\/\/dkst.hr\/index.php?rest_route=\/wp\/v2\/pages"}],"about":[{"href":"https:\/\/dkst.hr\/index.php?rest_route=\/wp\/v2\/types\/page"}],"author":[{"embeddable":true,"href":"https:\/\/dkst.hr\/index.php?rest_route=\/wp\/v2\/users\/1"}],"replies":[{"embeddable":true,"href":"https:\/\/dkst.hr\/index.php?rest_route=%2Fwp%2Fv2%2Fcomments&post=361"}],"version-history":[{"count":6,"href":"https:\/\/dkst.hr\/index.php?rest_route=\/wp\/v2\/pages\/361\/revisions"}],"predecessor-version":[{"id":2666,"href":"https:\/\/dkst.hr\/index.php?rest_route=\/wp\/v2\/pages\/361\/revisions\/2666"}],"wp:attachment":[{"href":"https:\/\/dkst.hr\/index.php?rest_route=%2Fwp%2Fv2%2Fmedia&parent=361"}],"curies":[{"name":"wp","href":"https:\/\/api.w.org\/{rel}","templated":true}]}}