{"id":318,"date":"2017-04-20T10:34:16","date_gmt":"2017-04-20T10:34:16","guid":{"rendered":"http:\/\/pubweb.carnet.hr\/dkst\/?page_id=318"},"modified":"2025-06-19T05:01:19","modified_gmt":"2025-06-19T05:01:19","slug":"impresum","status":"publish","type":"page","link":"https:\/\/dkst.hr\/?page_id=318","title":{"rendered":"Impresum"},"content":{"rendered":"<p><img decoding=\"async\" loading=\"lazy\" class=\"alignnone size-medium wp-image-319\" src=\"http:\/\/pubweb.carnet.hr\/dkst\/wp-content\/uploads\/sites\/186\/2017\/04\/glasniknaslovna-210x300.jpg\" alt=\"\" width=\"210\" height=\"300\" srcset=\"https:\/\/dkst.hr\/wp-content\/uploads\/2017\/04\/glasniknaslovna-210x300.jpg 210w, https:\/\/dkst.hr\/wp-content\/uploads\/2017\/04\/glasniknaslovna.jpg 314w\" sizes=\"(max-width: 210px) 100vw, 210px\" \/><\/p>\n<p><span style=\"vertical-align: inherit;\"><span style=\"vertical-align: inherit;\">ISSN 1330-0970 (Tisak) <\/span><\/span><br \/>\n<span style=\"vertical-align: inherit;\"><span style=\"vertical-align: inherit;\">ISSN 2623-9132 (Online)<\/span><\/span><\/p>\n<p><span style=\"vertical-align: inherit;\"><span style=\"vertical-align: inherit;\">Izdava\u010d: <\/span><\/span><br \/>\n<span style=\"vertical-align: inherit;\"><span style=\"vertical-align: inherit;\">Dru\u0161tvo knji\u017eni\u010dara u Splitu <\/span><\/span><br \/>\n<span style=\"vertical-align: inherit;\"><span style=\"vertical-align: inherit;\">c\/o Sveu\u010dili\u0161na knji\u017enica u Splitu <\/span><\/span><br \/>\n<span style=\"vertical-align: inherit;\"><span style=\"vertical-align: inherit;\">Ru\u0111era Bo\u0161kovi\u0107a 31 <\/span><\/span><br \/>\n<span style=\"vertical-align: inherit;\"><span style=\"vertical-align: inherit;\">21000 Split <\/span><\/span><br \/>\n<span style=\"vertical-align: inherit;\"><span style=\"vertical-align: inherit;\">URL: http:\/\/www.dkst.hr<br \/>\ne-mail: <a href=\"mailto:glasnik.dkst@gmail.com\">glasnik.dkst@gmail.com<\/a><\/span><\/span><\/p>\n<p><strong><span style=\"vertical-align: inherit;\"><span style=\"vertical-align: inherit;\">Glavna urednica<\/span><\/span><\/strong><\/p>\n<p><span style=\"vertical-align: inherit;\"><span style=\"vertical-align: inherit;\">Sanja Brbora<\/span><\/span><\/p>\n<p><strong><span style=\"vertical-align: inherit;\"><span style=\"vertical-align: inherit;\">Uredni\u0161tvo<\/span><\/span><\/strong><\/p>\n<p>Edita Ba\u010di\u0107<br \/>\nRomana Jadrijevi\u0107<br \/>\nMirta Mato\u0161i\u0107<br \/>\nLea Smodlaka<\/p>\n","protected":false},"excerpt":{"rendered":"<p>ISSN 1330-0970 (Tisak) ISSN 2623-9132 (Online) Izdava\u010d: Dru\u0161tvo knji\u017eni\u010dara u Splitu c\/o Sveu\u010dili\u0161na knji\u017enica u Splitu Ru\u0111era Bo\u0161kovi\u0107a 31 21000 Split URL: http:\/\/www.dkst.hr e-mail: glasnik.dkst@gmail.com Glavna urednica Sanja Brbora Uredni\u0161tvo&#8230; <\/p>\n","protected":false},"author":1,"featured_media":0,"parent":0,"menu_order":0,"comment_status":"closed","ping_status":"closed","template":"","meta":{"pgc_meta":"","spay_email":""},"pgc_meta":"","_links":{"self":[{"href":"https:\/\/dkst.hr\/index.php?rest_route=\/wp\/v2\/pages\/318"}],"collection":[{"href":"https:\/\/dkst.hr\/index.php?rest_route=\/wp\/v2\/pages"}],"about":[{"href":"https:\/\/dkst.hr\/index.php?rest_route=\/wp\/v2\/types\/page"}],"author":[{"embeddable":true,"href":"https:\/\/dkst.hr\/index.php?rest_route=\/wp\/v2\/users\/1"}],"replies":[{"embeddable":true,"href":"https:\/\/dkst.hr\/index.php?rest_route=%2Fwp%2Fv2%2Fcomments&post=318"}],"version-history":[{"count":5,"href":"https:\/\/dkst.hr\/index.php?rest_route=\/wp\/v2\/pages\/318\/revisions"}],"predecessor-version":[{"id":2761,"href":"https:\/\/dkst.hr\/index.php?rest_route=\/wp\/v2\/pages\/318\/revisions\/2761"}],"wp:attachment":[{"href":"https:\/\/dkst.hr\/index.php?rest_route=%2Fwp%2Fv2%2Fmedia&parent=318"}],"curies":[{"name":"wp","href":"https:\/\/api.w.org\/{rel}","templated":true}]}}