{"id":270,"date":"2017-04-20T05:51:42","date_gmt":"2017-04-20T05:51:42","guid":{"rendered":"http:\/\/pubweb.carnet.hr\/dkst\/?page_id=270"},"modified":"2018-03-22T08:26:35","modified_gmt":"2018-03-22T08:26:35","slug":"povijest","status":"publish","type":"page","link":"https:\/\/dkst.hr\/?page_id=270","title":{"rendered":"Povijest"},"content":{"rendered":"<p align=\"justify\"><b>Dru\u0161tvo knji\u017eni\u010dara u Splitu<\/b> formalno je osnovano 1950. godine, ali je de facto zapo\u010delo s radom jo\u0161 1949. godine kada su na preporuku Hrvatskog bibliotekarskog dru\u0161tva obavljene pripreme za ustroj povjereni\u0161tva u Splitu.<\/p>\n<p align=\"justify\">Prvi povjerenik bio je <b>Hrvoje Morovi\u0107<\/b>, a povjereni\u0161tvo je brojilo sedam \u010dlanova. Po\u010detkom \u0161ezdesetih, \u010dlanstvo se znatno uve\u0107alo, pa u 1962. godini bilje\u017eimo 37 \u010dlanova. Iste godine u Splitu je odr\u017eano <b>3. Savjetovanje Hrvatskog bibliotekarskog dru\u0161tva<\/b>, a odmah potom i <b>13. redovita skup\u0161tina HBD-a<\/b>. 1970-tih dolazi do preustroja, te Podru\u017enice postaju samostalna regionalna dru\u0161tva. Godine 1977. Dru\u0161tvo ima 64 \u010dlana i vrlo uspje\u0161no organizira <b>21. redovnu skup\u0161tinu HBD-a<\/b>. Daljnjih godina broj \u010dlanova u stalnom je porastu pa 1980. bilje\u017ei preko 100 \u010dlanova.<\/p>\n<p align=\"justify\">Krajem osamdesetih Dru\u0161tvo pokre\u0107e svoj <a href=\"https:\/\/dkst.hr\/?page_id=318\"><em><b>Glasnik<\/b> <\/em><\/a>s <b>Nedom Anzulovi\u0107<\/b> na \u010delu. Rad Dru\u0161tva 90-tih godina odvija se u ratnim prilikama; \u010dlanstvo se osipa, a dio knji\u017enica je devastiran. No usprkos tome, Dru\u0161tvo i dalje aktivno radi. Od tada do danas u organizaciji Dru\u0161tva u Splitu odr\u017eavali su se brojni stru\u010dni skupovi i predavanja. 1996. godine Dru\u0161tvo je bilo doma\u0107in <b>30. skup\u0161tine HKD-a<\/b> u Primo\u0161tenu i <a href=\"http:\/\/hkdrustvo.hr\/hr\/skupovi\/skup\/241\/\"><strong>39. skup\u0161tine HKD-a<\/strong><\/a> u Splitu 2014. godine.\u00a0 2000. i 2001. godine Dru\u0161tvo je u Splitu, zajedno s Komisijom za visoko\u0161kolske knji\u017enice HKD-a, organiziralo stru\u010dne skupove za knji\u017enice visokih u\u010dili\u0161ta pod nazivom\u00a0<b><a href=\"http:\/\/cigla.gradst.hr\/library\/khu\/khu2000\/\" target=\"_blank\" rel=\"noopener noreferrer\">Nu\u017enost promjena za 21. stolje\u0107e<\/a><\/b> i <b><a href=\"http:\/\/cigla.gradst.hr\/library\/khu\/khu2001\/index.htm\" target=\"_blank\" rel=\"noopener noreferrer\">Pravci koordiniranog razvoja<\/a><\/b>.<\/p>\n<p>Na\u0161i \u010dlanovi danas aktivno sudjeluju u radu HKD-a u okviru komisija i sekcija, a tako\u0111er i u radu IFLA-inih tijela.<\/p>\n<p>Vi\u0161e:<\/p>\n<p>Ba\u010di\u0107, Edita; Kova\u010di\u0107, Mihaela; Siminiati Violi\u0107, \u017dana.<strong> <a href=\"http:\/\/pubweb.carnet.hr\/dkst\/wp-content\/uploads\/sites\/186\/2017\/04\/Dru\u0161tvo-knji\u017eni\u010dara-u-Splitu-\u0160to-smo-bili-i-kamo-idemo.pdf\">Dru\u0161tvo knji\u017eni\u010dara u Splitu &#8211; \u0160to smo bili i kamo idemo?<\/a> \/\/\u00a0<\/strong>Vjesnik bibliotekara Hrvatske 58, 1\/2(2015), 241-262<\/p>\n","protected":false},"excerpt":{"rendered":"<p>Dru\u0161tvo knji\u017eni\u010dara u Splitu formalno je osnovano 1950. godine, ali je de facto zapo\u010delo s radom jo\u0161 1949. godine kada su na preporuku Hrvatskog bibliotekarskog dru\u0161tva obavljene pripreme za ustroj&#8230; <\/p>\n","protected":false},"author":1,"featured_media":0,"parent":0,"menu_order":0,"comment_status":"closed","ping_status":"closed","template":"","meta":{"pgc_meta":"","spay_email":""},"pgc_meta":"","_links":{"self":[{"href":"https:\/\/dkst.hr\/index.php?rest_route=\/wp\/v2\/pages\/270"}],"collection":[{"href":"https:\/\/dkst.hr\/index.php?rest_route=\/wp\/v2\/pages"}],"about":[{"href":"https:\/\/dkst.hr\/index.php?rest_route=\/wp\/v2\/types\/page"}],"author":[{"embeddable":true,"href":"https:\/\/dkst.hr\/index.php?rest_route=\/wp\/v2\/users\/1"}],"replies":[{"embeddable":true,"href":"https:\/\/dkst.hr\/index.php?rest_route=%2Fwp%2Fv2%2Fcomments&post=270"}],"version-history":[{"count":2,"href":"https:\/\/dkst.hr\/index.php?rest_route=\/wp\/v2\/pages\/270\/revisions"}],"predecessor-version":[{"id":1222,"href":"https:\/\/dkst.hr\/index.php?rest_route=\/wp\/v2\/pages\/270\/revisions\/1222"}],"wp:attachment":[{"href":"https:\/\/dkst.hr\/index.php?rest_route=%2Fwp%2Fv2%2Fmedia&parent=270"}],"curies":[{"name":"wp","href":"https:\/\/api.w.org\/{rel}","templated":true}]}}