{"id":258,"date":"2017-04-20T05:16:13","date_gmt":"2017-04-20T05:16:13","guid":{"rendered":"http:\/\/pubweb.carnet.hr\/dkst\/?page_id=258"},"modified":"2025-05-28T09:52:12","modified_gmt":"2025-05-28T09:52:12","slug":"program-rada-drustva-knjiznicara-u-splitu-2017-2019","status":"publish","type":"page","link":"https:\/\/dkst.hr\/?page_id=258","title":{"rendered":"Plan rada"},"content":{"rendered":"<p><a href=\"https:\/\/dkst.hr\/wp-content\/uploads\/2025\/05\/Prijedlog-programa-rada-DKST.pdf\">Plan rada Dru\u0161tva knji\u017eni\u010dara u Splitu 2025. &#8211; 2027.<\/a><\/p>\r\n<p style=\"text-align: left;\"><a href=\"https:\/\/dkst.hr\/wp-content\/uploads\/2024\/05\/5_Plan-rada-4_2024-3_2025.pdf\"><span style=\"vertical-align: inherit;\"><span style=\"vertical-align: inherit;\">Plan rada Dru\u0161tva knji\u017eni\u010dara u Splitu 2024. &#8211; 2025.<\/span><\/span><\/a><\/p>\r\n<p><a href=\"https:\/\/dkst.hr\/wp-content\/uploads\/2024\/05\/6_Financijski-plan-2024.pdf\"><span style=\"vertical-align: inherit;\"><span style=\"vertical-align: inherit;\">Financijski plan za 2024. godinu<\/span><\/span><\/a><span style=\"vertical-align: inherit;\"><span style=\"vertical-align: inherit;\"> .<\/span><\/span><\/p>\r\n\r\n<p>&nbsp;<\/p>\r\n","protected":false},"excerpt":{"rendered":"<p>Plan rada Dru\u0161tva knji\u017eni\u010dara u Splitu 2025. &#8211; 2027. Plan rada Dru\u0161tva knji\u017eni\u010dara u Splitu 2024. &#8211; 2025. Financijski plan za 2024. godinu . &nbsp;<\/p>\n","protected":false},"author":1,"featured_media":0,"parent":0,"menu_order":0,"comment_status":"closed","ping_status":"closed","template":"","meta":{"pgc_meta":"","spay_email":""},"pgc_meta":"","_links":{"self":[{"href":"https:\/\/dkst.hr\/index.php?rest_route=\/wp\/v2\/pages\/258"}],"collection":[{"href":"https:\/\/dkst.hr\/index.php?rest_route=\/wp\/v2\/pages"}],"about":[{"href":"https:\/\/dkst.hr\/index.php?rest_route=\/wp\/v2\/types\/page"}],"author":[{"embeddable":true,"href":"https:\/\/dkst.hr\/index.php?rest_route=\/wp\/v2\/users\/1"}],"replies":[{"embeddable":true,"href":"https:\/\/dkst.hr\/index.php?rest_route=%2Fwp%2Fv2%2Fcomments&post=258"}],"version-history":[{"count":7,"href":"https:\/\/dkst.hr\/index.php?rest_route=\/wp\/v2\/pages\/258\/revisions"}],"predecessor-version":[{"id":2718,"href":"https:\/\/dkst.hr\/index.php?rest_route=\/wp\/v2\/pages\/258\/revisions\/2718"}],"wp:attachment":[{"href":"https:\/\/dkst.hr\/index.php?rest_route=%2Fwp%2Fv2%2Fmedia&parent=258"}],"curies":[{"name":"wp","href":"https:\/\/api.w.org\/{rel}","templated":true}]}}