{"id":2496,"date":"2023-12-12T15:43:06","date_gmt":"2023-12-12T15:43:06","guid":{"rendered":"http:\/\/dkst.hr\/?page_id=2496"},"modified":"2024-03-26T19:22:23","modified_gmt":"2024-03-26T19:22:23","slug":"broj-16-17","status":"publish","type":"page","link":"https:\/\/dkst.hr\/?page_id=2496","title":{"rendered":"Broj 16-17"},"content":{"rendered":"\n<figure class=\"wp-block-image size-medium\"><img decoding=\"async\" loading=\"lazy\" width=\"206\" height=\"300\" src=\"https:\/\/dkst.hr\/wp-content\/uploads\/2023\/12\/naslovna-206x300.jpg\" alt=\"\" class=\"wp-image-2497\" srcset=\"https:\/\/dkst.hr\/wp-content\/uploads\/2023\/12\/naslovna-206x300.jpg 206w, https:\/\/dkst.hr\/wp-content\/uploads\/2023\/12\/naslovna.jpg 446w\" sizes=\"(max-width: 206px) 100vw, 206px\" \/><\/figure>\n\n\n\n<p><strong>SADR\u017dAJ broja 16 \u2013 17\/2018. \u2013 2022.<\/strong><\/p>\n\n\n\n<p><a href=\"https:\/\/dkst.hr\/wp-content\/uploads\/2024\/03\/Predgovor.pdf\">Predgovor<\/a><\/p>\n\n\n\n<p><strong>\u010clanci<\/strong><\/p>\n\n\n\n<p><a href=\"https:\/\/dkst.hr\/wp-content\/uploads\/2024\/03\/Brbora.pdf\">Sanja Brbora: Tko su zapravo knji\u017eni\u010dari? (O promjenama naziva knji\u017eni\u010darskih zvanja) (str. 11-16)<br><\/a><br><a href=\"https:\/\/dkst.hr\/wp-content\/uploads\/2024\/03\/Topic.pdf\">Nada Topi\u0107: Ah, ta lektira! (str. 17-26)<\/a><br><br><a href=\"https:\/\/dkst.hr\/wp-content\/uploads\/2024\/03\/Mikacic.pdf\">Sanja Mika\u010di\u0107: Slikovnica kao izazov dobnom klasifikacijskom sustavu (str. 27-36)<\/a><br><br><a href=\"https:\/\/dkst.hr\/wp-content\/uploads\/2024\/03\/Banic.pdf\">Lorena Bani\u0107, Natalija Dragoja, Jasenka Ple\u0161ko: Ozna\u010divanje knji\u017eni\u010dne gra\u0111e prema dobi (str. 37-46)<br><\/a><br><a href=\"https:\/\/dkst.hr\/wp-content\/uploads\/2024\/03\/Sabljak.pdf\">Ivana Sabljak: Mladi i \u010ditanje: anketno istra\u017eivanje korisnika Knji\u017enice Kne\u017eija (str. 47-58)<\/a><br><br><a href=\"https:\/\/dkst.hr\/wp-content\/uploads\/2024\/03\/Todorcev.pdf\">Katarina Todorcev Hla\u010da: Vi\u0161enamjenska uloga Sredi\u0161nje knji\u017enice nacionalne manjine u RH kao na\u010din ostvarivanja prava pripadnika nacionalnih manjina (str. 59-70)<br><\/a><br><a href=\"https:\/\/dkst.hr\/wp-content\/uploads\/2024\/03\/Dimzov.pdf\">Snje\u017eana Dimzov, Mirta Mato\u0161i\u0107, Ivana Ljubi\u0107: Uloga visoko\u0161kolskih knji\u017enica u o\u010duvanju nematerijalne kulturne ba\u0161tine &#8211; primjer institucijskog repozitorija FFST-a (str. 71-80)<\/a><br><br><a href=\"https:\/\/dkst.hr\/wp-content\/uploads\/2024\/03\/Krolo.pdf\">Katarina Krolo \u017du\u017eul, Ana Mr\u0161i\u0107 Marasovi\u0107: Od rukopisa do \u010ditatelja &#8211; zavi\u010dajnost u izdava\u010dkoj djelatnosti Gradske knji\u017enice Marka Maruli\u0107a Split (str. 81-94)<br><\/a><br><a href=\"https:\/\/dkst.hr\/wp-content\/uploads\/2024\/03\/Smodlaka.pdf\">Lea Smodlaka: Nakladni\u010dka djelatnost Narodne knji\u017enice i \u010ditaonice u Klisu (str. 95-100)<br><\/a><br><a href=\"https:\/\/dkst.hr\/wp-content\/uploads\/2024\/03\/Mestrovic.pdf\">Iva Me\u0161trovi\u0107: Izlo\u017eba Izdava\u010dka djelatnost Etnografskog muzeja Split kroz 110 godina djelovanja (str. 101-110)<br><\/a><br><a href=\"https:\/\/dkst.hr\/wp-content\/uploads\/2024\/03\/Kolak.pdf\">Iva Kolak: Knji\u017eni\u010dari knji\u017enice Franjeva\u010dkog samostana u Sinju: Marmontov dar knji\u017eni\u010daru (str. 111-120)<br><\/a><br><a href=\"https:\/\/dkst.hr\/wp-content\/uploads\/2024\/03\/Pugelnik.pdf\">Igor Pugelnik: 115 godina jedne \u010ditaonice (str. 121-134)<\/a><br><\/p>\n\n\n\n<p><strong>Osvrti<\/strong><br><br><a href=\"https:\/\/dkst.hr\/wp-content\/uploads\/2024\/03\/Radic.pdf\">Branka Radi\u0107 \/ prikaz monografije: O Sveu\u010dili\u0161tu i gradu: u prigodi 45 godina Sveu\u010dili\u0161ta u Splitu (str. 135-136)<\/a><\/p>\n\n\n\n<p><br><strong>Biografije i bibliografije \u010dlanova Dru\u0161tva<\/strong><br><br><a href=\"https:\/\/dkst.hr\/wp-content\/uploads\/2024\/03\/Bacic.pdf\">Edita Ba\u010di\u0107 (str. 137-140)<\/a><br><a href=\"https:\/\/dkst.hr\/wp-content\/uploads\/2024\/03\/Dujmovic.pdf\">Dubravka Dujmovi\u0107 (str. 141-144)<\/a><br><a href=\"https:\/\/dkst.hr\/wp-content\/uploads\/2024\/03\/Duplancic.pdf\">Arsen Duplan\u010di\u0107 (str. 145-147)<\/a><br><a href=\"https:\/\/dkst.hr\/wp-content\/uploads\/2024\/03\/Ribicic.pdf\">Grozdana Ribi\u010di\u0107 (str. 148)<\/a><br><a href=\"https:\/\/dkst.hr\/wp-content\/uploads\/2024\/03\/Utrobicic.pdf\">Ana Utrobi\u010di\u0107 (str. 149-150)<\/a><\/p>\n\n\n\n<p><br><strong>Iz rada Dru\u0161tva knji\u017eni\u010dara u Splitu<\/strong><\/p>\n\n\n\n<p><br><a href=\"https:\/\/dkst.hr\/wp-content\/uploads\/2024\/03\/Izvjestaj.pdf\">Sanja Brbora: Izvje\u0161taj o radu Dru\u0161tva knji\u017eni\u010dara u Splitu (za razdoblje od sije\u010dnja 2019. do kraja velja\u010de 2023. (str. 151-155)<\/a><\/p>\n\n\n\n<p><a href=\"https:\/\/dkst.hr\/wp-content\/uploads\/2024\/03\/Nagrade-zvanja.pdf\">Nagrade, zvanja i napredovanja u knji\u017eni\u010darstvu i obavijesti o umirovljenju \u010dlanova Dru\u0161tva knji\u017eni\u010dara u Splitu  (str. 157-158)<\/a><br><br><a href=\"https:\/\/dkst.hr\/wp-content\/uploads\/2024\/03\/Pravilnik-Nagrada.pdf\">Pravilnik o dodjeljivanju nagrade Dru\u0161tva knji\u017eni\u010dara u Splitu \u201eDu\u0161an Manger\u201c (str. 159-160)<\/a><\/p>\n\n\n\n<p><br><strong><a href=\"https:\/\/dkst.hr\/wp-content\/uploads\/2024\/03\/In-memoriam.pdf\">In memoriam<\/a><\/strong><\/p>\n\n\n\n<p><br>Neda Anzulovi\u0107 (str. 161)<br><br>Dubravka Bo\u0161njak (str. 161-162)<br><br>\u017deljko Kuluz (str. 162)<br><br>Darka Petri\u010devi\u0107 (str. 163)<br><br>Mirjana Puhari\u0107 (str. 163)<br><br>Jadranka Vu\u010dak  (str. 164)<br><br>Gorana Dvornik, Nada Ver\u0161i\u0107, Asja Vlak (str. 164)<br><\/p>\n\n\n\n<p><br><a href=\"https:\/\/dkst.hr\/wp-content\/uploads\/2024\/03\/Upute-2022.pdf\"><strong>Upute autorima (str. 165<\/strong>)<\/a><\/p>\n","protected":false},"excerpt":{"rendered":"<p>SADR\u017dAJ broja 16 \u2013 17\/2018. \u2013 2022. Predgovor \u010clanci Sanja Brbora: Tko su zapravo knji\u017eni\u010dari? (O promjenama naziva knji\u017eni\u010darskih zvanja) (str. 11-16)Nada Topi\u0107: Ah, ta lektira! (str. 17-26) Sanja Mika\u010di\u0107:&#8230; <\/p>\n","protected":false},"author":2,"featured_media":0,"parent":0,"menu_order":0,"comment_status":"closed","ping_status":"closed","template":"","meta":{"pgc_meta":"","spay_email":""},"pgc_meta":"","_links":{"self":[{"href":"https:\/\/dkst.hr\/index.php?rest_route=\/wp\/v2\/pages\/2496"}],"collection":[{"href":"https:\/\/dkst.hr\/index.php?rest_route=\/wp\/v2\/pages"}],"about":[{"href":"https:\/\/dkst.hr\/index.php?rest_route=\/wp\/v2\/types\/page"}],"author":[{"embeddable":true,"href":"https:\/\/dkst.hr\/index.php?rest_route=\/wp\/v2\/users\/2"}],"replies":[{"embeddable":true,"href":"https:\/\/dkst.hr\/index.php?rest_route=%2Fwp%2Fv2%2Fcomments&post=2496"}],"version-history":[{"count":4,"href":"https:\/\/dkst.hr\/index.php?rest_route=\/wp\/v2\/pages\/2496\/revisions"}],"predecessor-version":[{"id":2578,"href":"https:\/\/dkst.hr\/index.php?rest_route=\/wp\/v2\/pages\/2496\/revisions\/2578"}],"wp:attachment":[{"href":"https:\/\/dkst.hr\/index.php?rest_route=%2Fwp%2Fv2%2Fmedia&parent=2496"}],"curies":[{"name":"wp","href":"https:\/\/api.w.org\/{rel}","templated":true}]}}