{"id":2258,"date":"2022-12-09T10:19:12","date_gmt":"2022-12-09T10:19:12","guid":{"rendered":"http:\/\/dkst.hr\/?page_id=2258"},"modified":"2022-12-16T11:18:55","modified_gmt":"2022-12-16T11:18:55","slug":"8-strucni-kolokvij","status":"publish","type":"page","link":"https:\/\/dkst.hr\/?page_id=2258","title":{"rendered":"8. stru\u010dni kolokvij"},"content":{"rendered":"\n<p>Datum: 15. prosinca 2022. (\u010detvrtak) 12:00 \u2013 13:30 h<br>Mjesto: Sveu\u010dili\u0161na knji\u017enica u Splitu, multifunkcijska dvorana u sjevernoj zgradi (R. Bo\u0161kovi\u0107a 31)<br>Moderatorica: dr. sc. Sanja Brbora (Sveu\u010dili\u0161na knji\u017enica u Splitu)<\/p>\n\n\n\n<p><strong>PROGRAM<\/strong><\/p>\n\n\n\n<p><strong><em>\u010citateljski klub Gradske knji\u017enice Solin Kult(na) ura<\/em><\/strong><br>dr. sc. Nada Topi\u0107 (O\u0160 Vjekolava Para\u0107a, Solin)<\/p>\n\n\n\n<p><strong><em>Mladi za mlade: \u0160to mladi knji\u017eni\u010dari GKMM-a \u010dine kako bi privukli mlade korisnike u knji\u017enicu?<\/em><\/strong><br>Marija Gabrijela Peri\u0107 (Gradska knji\u017enica Marka Maruli\u0107a, Split)<\/p>\n\n\n\n<p><strong><em>Zagonetno raspravi\u0161te (?)<\/em><\/strong><\/p>\n\n\n\n<p><strong>Fotografija: Margita Puhari\u0107<\/strong><\/p>\n\n\n\n<div class=\"wp-block-jetpack-slideshow aligncenter\" data-effect=\"slide\"><div class=\"wp-block-jetpack-slideshow_container swiper-container\"><ul class=\"wp-block-jetpack-slideshow_swiper-wrapper swiper-wrapper\"><li class=\"wp-block-jetpack-slideshow_slide swiper-slide\"><figure><img decoding=\"async\" loading=\"lazy\" width=\"1024\" height=\"768\" alt=\"\" class=\"wp-block-jetpack-slideshow_image wp-image-2303\" data-id=\"2303\" src=\"https:\/\/dkst.hr\/wp-content\/uploads\/2022\/12\/8.-strucni-kolokvij-1-2.jpg\" srcset=\"https:\/\/dkst.hr\/wp-content\/uploads\/2022\/12\/8.-strucni-kolokvij-1-2.jpg 1024w, https:\/\/dkst.hr\/wp-content\/uploads\/2022\/12\/8.-strucni-kolokvij-1-2-300x225.jpg 300w, https:\/\/dkst.hr\/wp-content\/uploads\/2022\/12\/8.-strucni-kolokvij-1-2-768x576.jpg 768w, https:\/\/dkst.hr\/wp-content\/uploads\/2022\/12\/8.-strucni-kolokvij-1-2-240x180.jpg 240w\" sizes=\"(max-width: 1024px) 100vw, 1024px\" \/><\/figure><\/li><li class=\"wp-block-jetpack-slideshow_slide swiper-slide\"><figure><img decoding=\"async\" loading=\"lazy\" width=\"1024\" height=\"768\" alt=\"\" class=\"wp-block-jetpack-slideshow_image wp-image-2277\" data-id=\"2277\" src=\"https:\/\/dkst.hr\/wp-content\/uploads\/2022\/12\/8.-strucni-kolokvij-17.jpg\" srcset=\"https:\/\/dkst.hr\/wp-content\/uploads\/2022\/12\/8.-strucni-kolokvij-17.jpg 1024w, https:\/\/dkst.hr\/wp-content\/uploads\/2022\/12\/8.-strucni-kolokvij-17-300x225.jpg 300w, https:\/\/dkst.hr\/wp-content\/uploads\/2022\/12\/8.-strucni-kolokvij-17-768x576.jpg 768w, https:\/\/dkst.hr\/wp-content\/uploads\/2022\/12\/8.-strucni-kolokvij-17-240x180.jpg 240w\" sizes=\"(max-width: 1024px) 100vw, 1024px\" \/><\/figure><\/li><li class=\"wp-block-jetpack-slideshow_slide swiper-slide\"><figure><img decoding=\"async\" loading=\"lazy\" width=\"1024\" height=\"768\" alt=\"\" class=\"wp-block-jetpack-slideshow_image wp-image-2276\" data-id=\"2276\" src=\"https:\/\/dkst.hr\/wp-content\/uploads\/2022\/12\/8.-strucni-kolokvij-16.jpg\" srcset=\"https:\/\/dkst.hr\/wp-content\/uploads\/2022\/12\/8.-strucni-kolokvij-16.jpg 1024w, https:\/\/dkst.hr\/wp-content\/uploads\/2022\/12\/8.-strucni-kolokvij-16-300x225.jpg 300w, https:\/\/dkst.hr\/wp-content\/uploads\/2022\/12\/8.-strucni-kolokvij-16-768x576.jpg 768w, https:\/\/dkst.hr\/wp-content\/uploads\/2022\/12\/8.-strucni-kolokvij-16-240x180.jpg 240w\" sizes=\"(max-width: 1024px) 100vw, 1024px\" \/><\/figure><\/li><li class=\"wp-block-jetpack-slideshow_slide swiper-slide\"><figure><img decoding=\"async\" loading=\"lazy\" width=\"1024\" height=\"768\" alt=\"\" class=\"wp-block-jetpack-slideshow_image wp-image-2275\" data-id=\"2275\" src=\"https:\/\/dkst.hr\/wp-content\/uploads\/2022\/12\/8.-strucni-kolokvij-15.jpg\" srcset=\"https:\/\/dkst.hr\/wp-content\/uploads\/2022\/12\/8.-strucni-kolokvij-15.jpg 1024w, https:\/\/dkst.hr\/wp-content\/uploads\/2022\/12\/8.-strucni-kolokvij-15-300x225.jpg 300w, https:\/\/dkst.hr\/wp-content\/uploads\/2022\/12\/8.-strucni-kolokvij-15-768x576.jpg 768w, https:\/\/dkst.hr\/wp-content\/uploads\/2022\/12\/8.-strucni-kolokvij-15-240x180.jpg 240w\" sizes=\"(max-width: 1024px) 100vw, 1024px\" \/><\/figure><\/li><li class=\"wp-block-jetpack-slideshow_slide swiper-slide\"><figure><img decoding=\"async\" loading=\"lazy\" width=\"1024\" height=\"768\" alt=\"\" class=\"wp-block-jetpack-slideshow_image wp-image-2274\" data-id=\"2274\" src=\"https:\/\/dkst.hr\/wp-content\/uploads\/2022\/12\/8.-strucni-kolokvij-14.jpg\" srcset=\"https:\/\/dkst.hr\/wp-content\/uploads\/2022\/12\/8.-strucni-kolokvij-14.jpg 1024w, https:\/\/dkst.hr\/wp-content\/uploads\/2022\/12\/8.-strucni-kolokvij-14-300x225.jpg 300w, https:\/\/dkst.hr\/wp-content\/uploads\/2022\/12\/8.-strucni-kolokvij-14-768x576.jpg 768w, https:\/\/dkst.hr\/wp-content\/uploads\/2022\/12\/8.-strucni-kolokvij-14-240x180.jpg 240w\" sizes=\"(max-width: 1024px) 100vw, 1024px\" \/><\/figure><\/li><li class=\"wp-block-jetpack-slideshow_slide swiper-slide\"><figure><img decoding=\"async\" loading=\"lazy\" width=\"1024\" height=\"768\" alt=\"\" class=\"wp-block-jetpack-slideshow_image wp-image-2273\" data-id=\"2273\" src=\"https:\/\/dkst.hr\/wp-content\/uploads\/2022\/12\/8.-strucni-kolokvij-13.jpg\" srcset=\"https:\/\/dkst.hr\/wp-content\/uploads\/2022\/12\/8.-strucni-kolokvij-13.jpg 1024w, https:\/\/dkst.hr\/wp-content\/uploads\/2022\/12\/8.-strucni-kolokvij-13-300x225.jpg 300w, https:\/\/dkst.hr\/wp-content\/uploads\/2022\/12\/8.-strucni-kolokvij-13-768x576.jpg 768w, https:\/\/dkst.hr\/wp-content\/uploads\/2022\/12\/8.-strucni-kolokvij-13-240x180.jpg 240w\" sizes=\"(max-width: 1024px) 100vw, 1024px\" \/><\/figure><\/li><li class=\"wp-block-jetpack-slideshow_slide swiper-slide\"><figure><img decoding=\"async\" loading=\"lazy\" width=\"1024\" height=\"768\" alt=\"\" class=\"wp-block-jetpack-slideshow_image wp-image-2272\" data-id=\"2272\" src=\"https:\/\/dkst.hr\/wp-content\/uploads\/2022\/12\/8.-strucni-kolokvij-12.jpg\" srcset=\"https:\/\/dkst.hr\/wp-content\/uploads\/2022\/12\/8.-strucni-kolokvij-12.jpg 1024w, https:\/\/dkst.hr\/wp-content\/uploads\/2022\/12\/8.-strucni-kolokvij-12-300x225.jpg 300w, https:\/\/dkst.hr\/wp-content\/uploads\/2022\/12\/8.-strucni-kolokvij-12-768x576.jpg 768w, https:\/\/dkst.hr\/wp-content\/uploads\/2022\/12\/8.-strucni-kolokvij-12-240x180.jpg 240w\" sizes=\"(max-width: 1024px) 100vw, 1024px\" \/><\/figure><\/li><li class=\"wp-block-jetpack-slideshow_slide swiper-slide\"><figure><img decoding=\"async\" loading=\"lazy\" width=\"1024\" height=\"768\" alt=\"\" class=\"wp-block-jetpack-slideshow_image wp-image-2271\" data-id=\"2271\" src=\"https:\/\/dkst.hr\/wp-content\/uploads\/2022\/12\/8.-strucni-kolokvij-11.jpg\" srcset=\"https:\/\/dkst.hr\/wp-content\/uploads\/2022\/12\/8.-strucni-kolokvij-11.jpg 1024w, https:\/\/dkst.hr\/wp-content\/uploads\/2022\/12\/8.-strucni-kolokvij-11-300x225.jpg 300w, https:\/\/dkst.hr\/wp-content\/uploads\/2022\/12\/8.-strucni-kolokvij-11-768x576.jpg 768w, https:\/\/dkst.hr\/wp-content\/uploads\/2022\/12\/8.-strucni-kolokvij-11-240x180.jpg 240w\" sizes=\"(max-width: 1024px) 100vw, 1024px\" \/><\/figure><\/li><li class=\"wp-block-jetpack-slideshow_slide swiper-slide\"><figure><img decoding=\"async\" loading=\"lazy\" width=\"1024\" height=\"768\" alt=\"\" class=\"wp-block-jetpack-slideshow_image wp-image-2270\" data-id=\"2270\" src=\"https:\/\/dkst.hr\/wp-content\/uploads\/2022\/12\/8.-strucni-kolokvij-10.jpg\" srcset=\"https:\/\/dkst.hr\/wp-content\/uploads\/2022\/12\/8.-strucni-kolokvij-10.jpg 1024w, https:\/\/dkst.hr\/wp-content\/uploads\/2022\/12\/8.-strucni-kolokvij-10-300x225.jpg 300w, https:\/\/dkst.hr\/wp-content\/uploads\/2022\/12\/8.-strucni-kolokvij-10-768x576.jpg 768w, https:\/\/dkst.hr\/wp-content\/uploads\/2022\/12\/8.-strucni-kolokvij-10-240x180.jpg 240w\" sizes=\"(max-width: 1024px) 100vw, 1024px\" \/><\/figure><\/li><li class=\"wp-block-jetpack-slideshow_slide swiper-slide\"><figure><img decoding=\"async\" loading=\"lazy\" width=\"1024\" height=\"768\" alt=\"\" class=\"wp-block-jetpack-slideshow_image wp-image-2269\" data-id=\"2269\" src=\"https:\/\/dkst.hr\/wp-content\/uploads\/2022\/12\/8.-strucni-kolokvij-9.jpg\" srcset=\"https:\/\/dkst.hr\/wp-content\/uploads\/2022\/12\/8.-strucni-kolokvij-9.jpg 1024w, https:\/\/dkst.hr\/wp-content\/uploads\/2022\/12\/8.-strucni-kolokvij-9-300x225.jpg 300w, https:\/\/dkst.hr\/wp-content\/uploads\/2022\/12\/8.-strucni-kolokvij-9-768x576.jpg 768w, https:\/\/dkst.hr\/wp-content\/uploads\/2022\/12\/8.-strucni-kolokvij-9-240x180.jpg 240w\" sizes=\"(max-width: 1024px) 100vw, 1024px\" \/><\/figure><\/li><li class=\"wp-block-jetpack-slideshow_slide swiper-slide\"><figure><img decoding=\"async\" loading=\"lazy\" width=\"1024\" height=\"768\" alt=\"\" class=\"wp-block-jetpack-slideshow_image wp-image-2268\" data-id=\"2268\" src=\"https:\/\/dkst.hr\/wp-content\/uploads\/2022\/12\/8.-strucni-kolokvij-8.jpg\" srcset=\"https:\/\/dkst.hr\/wp-content\/uploads\/2022\/12\/8.-strucni-kolokvij-8.jpg 1024w, https:\/\/dkst.hr\/wp-content\/uploads\/2022\/12\/8.-strucni-kolokvij-8-300x225.jpg 300w, https:\/\/dkst.hr\/wp-content\/uploads\/2022\/12\/8.-strucni-kolokvij-8-768x576.jpg 768w, https:\/\/dkst.hr\/wp-content\/uploads\/2022\/12\/8.-strucni-kolokvij-8-240x180.jpg 240w\" sizes=\"(max-width: 1024px) 100vw, 1024px\" \/><\/figure><\/li><li class=\"wp-block-jetpack-slideshow_slide swiper-slide\"><figure><img decoding=\"async\" loading=\"lazy\" width=\"1024\" height=\"768\" alt=\"\" class=\"wp-block-jetpack-slideshow_image wp-image-2267\" data-id=\"2267\" src=\"https:\/\/dkst.hr\/wp-content\/uploads\/2022\/12\/8.-strucni-kolokvij-6.jpg\" srcset=\"https:\/\/dkst.hr\/wp-content\/uploads\/2022\/12\/8.-strucni-kolokvij-6.jpg 1024w, https:\/\/dkst.hr\/wp-content\/uploads\/2022\/12\/8.-strucni-kolokvij-6-300x225.jpg 300w, https:\/\/dkst.hr\/wp-content\/uploads\/2022\/12\/8.-strucni-kolokvij-6-768x576.jpg 768w, https:\/\/dkst.hr\/wp-content\/uploads\/2022\/12\/8.-strucni-kolokvij-6-240x180.jpg 240w\" sizes=\"(max-width: 1024px) 100vw, 1024px\" \/><\/figure><\/li><li class=\"wp-block-jetpack-slideshow_slide swiper-slide\"><figure><img decoding=\"async\" loading=\"lazy\" width=\"1024\" height=\"768\" alt=\"\" class=\"wp-block-jetpack-slideshow_image wp-image-2266\" data-id=\"2266\" src=\"https:\/\/dkst.hr\/wp-content\/uploads\/2022\/12\/8.-strucni-kolokvij-5.jpg\" srcset=\"https:\/\/dkst.hr\/wp-content\/uploads\/2022\/12\/8.-strucni-kolokvij-5.jpg 1024w, https:\/\/dkst.hr\/wp-content\/uploads\/2022\/12\/8.-strucni-kolokvij-5-300x225.jpg 300w, https:\/\/dkst.hr\/wp-content\/uploads\/2022\/12\/8.-strucni-kolokvij-5-768x576.jpg 768w, https:\/\/dkst.hr\/wp-content\/uploads\/2022\/12\/8.-strucni-kolokvij-5-240x180.jpg 240w\" sizes=\"(max-width: 1024px) 100vw, 1024px\" \/><\/figure><\/li><li class=\"wp-block-jetpack-slideshow_slide swiper-slide\"><figure><img decoding=\"async\" loading=\"lazy\" width=\"1024\" height=\"768\" alt=\"\" class=\"wp-block-jetpack-slideshow_image wp-image-2265\" data-id=\"2265\" src=\"https:\/\/dkst.hr\/wp-content\/uploads\/2022\/12\/8.-strucni-kolokvij-4.jpg\" srcset=\"https:\/\/dkst.hr\/wp-content\/uploads\/2022\/12\/8.-strucni-kolokvij-4.jpg 1024w, https:\/\/dkst.hr\/wp-content\/uploads\/2022\/12\/8.-strucni-kolokvij-4-300x225.jpg 300w, https:\/\/dkst.hr\/wp-content\/uploads\/2022\/12\/8.-strucni-kolokvij-4-768x576.jpg 768w, https:\/\/dkst.hr\/wp-content\/uploads\/2022\/12\/8.-strucni-kolokvij-4-240x180.jpg 240w\" sizes=\"(max-width: 1024px) 100vw, 1024px\" \/><\/figure><\/li><li class=\"wp-block-jetpack-slideshow_slide swiper-slide\"><figure><img decoding=\"async\" loading=\"lazy\" width=\"1024\" height=\"768\" alt=\"\" class=\"wp-block-jetpack-slideshow_image wp-image-2264\" data-id=\"2264\" src=\"https:\/\/dkst.hr\/wp-content\/uploads\/2022\/12\/8.-strucni-kolokvij-3.jpg\" srcset=\"https:\/\/dkst.hr\/wp-content\/uploads\/2022\/12\/8.-strucni-kolokvij-3.jpg 1024w, https:\/\/dkst.hr\/wp-content\/uploads\/2022\/12\/8.-strucni-kolokvij-3-300x225.jpg 300w, https:\/\/dkst.hr\/wp-content\/uploads\/2022\/12\/8.-strucni-kolokvij-3-768x576.jpg 768w, https:\/\/dkst.hr\/wp-content\/uploads\/2022\/12\/8.-strucni-kolokvij-3-240x180.jpg 240w\" sizes=\"(max-width: 1024px) 100vw, 1024px\" \/><\/figure><\/li><li class=\"wp-block-jetpack-slideshow_slide swiper-slide\"><figure><img decoding=\"async\" loading=\"lazy\" width=\"1024\" height=\"768\" alt=\"\" class=\"wp-block-jetpack-slideshow_image wp-image-2263\" data-id=\"2263\" src=\"https:\/\/dkst.hr\/wp-content\/uploads\/2022\/12\/8.-strucni-kolokvij-2.jpg\" srcset=\"https:\/\/dkst.hr\/wp-content\/uploads\/2022\/12\/8.-strucni-kolokvij-2.jpg 1024w, https:\/\/dkst.hr\/wp-content\/uploads\/2022\/12\/8.-strucni-kolokvij-2-300x225.jpg 300w, https:\/\/dkst.hr\/wp-content\/uploads\/2022\/12\/8.-strucni-kolokvij-2-768x576.jpg 768w, https:\/\/dkst.hr\/wp-content\/uploads\/2022\/12\/8.-strucni-kolokvij-2-240x180.jpg 240w\" sizes=\"(max-width: 1024px) 100vw, 1024px\" \/><\/figure><\/li><\/ul><a class=\"wp-block-jetpack-slideshow_button-prev swiper-button-prev swiper-button-white\" role=\"button\"><\/a><a class=\"wp-block-jetpack-slideshow_button-next swiper-button-next swiper-button-white\" role=\"button\"><\/a><a aria-label=\"Pause Slideshow\" class=\"wp-block-jetpack-slideshow_button-pause\" role=\"button\"><\/a><div class=\"wp-block-jetpack-slideshow_pagination swiper-pagination swiper-pagination-white\"><\/div><\/div><\/div>\n","protected":false},"excerpt":{"rendered":"<p>Datum: 15. prosinca 2022. (\u010detvrtak) 12:00 \u2013 13:30 hMjesto: Sveu\u010dili\u0161na knji\u017enica u Splitu, multifunkcijska dvorana u sjevernoj zgradi (R. Bo\u0161kovi\u0107a 31)Moderatorica: dr. sc. Sanja Brbora (Sveu\u010dili\u0161na knji\u017enica u Splitu) PROGRAM&#8230; <\/p>\n","protected":false},"author":2,"featured_media":0,"parent":0,"menu_order":0,"comment_status":"closed","ping_status":"closed","template":"","meta":{"pgc_meta":"","spay_email":""},"pgc_meta":"","_links":{"self":[{"href":"https:\/\/dkst.hr\/index.php?rest_route=\/wp\/v2\/pages\/2258"}],"collection":[{"href":"https:\/\/dkst.hr\/index.php?rest_route=\/wp\/v2\/pages"}],"about":[{"href":"https:\/\/dkst.hr\/index.php?rest_route=\/wp\/v2\/types\/page"}],"author":[{"embeddable":true,"href":"https:\/\/dkst.hr\/index.php?rest_route=\/wp\/v2\/users\/2"}],"replies":[{"embeddable":true,"href":"https:\/\/dkst.hr\/index.php?rest_route=%2Fwp%2Fv2%2Fcomments&post=2258"}],"version-history":[{"count":13,"href":"https:\/\/dkst.hr\/index.php?rest_route=\/wp\/v2\/pages\/2258\/revisions"}],"predecessor-version":[{"id":2328,"href":"https:\/\/dkst.hr\/index.php?rest_route=\/wp\/v2\/pages\/2258\/revisions\/2328"}],"wp:attachment":[{"href":"https:\/\/dkst.hr\/index.php?rest_route=%2Fwp%2Fv2%2Fmedia&parent=2258"}],"curies":[{"name":"wp","href":"https:\/\/api.w.org\/{rel}","templated":true}]}}