{"id":1785,"date":"2018-11-14T18:11:56","date_gmt":"2018-11-14T18:11:56","guid":{"rendered":"http:\/\/dkst.hr\/?page_id=1785"},"modified":"2018-11-26T17:13:02","modified_gmt":"2018-11-26T17:13:02","slug":"broj-14-15","status":"publish","type":"page","link":"https:\/\/dkst.hr\/?page_id=1785","title":{"rendered":"Broj 14-15"},"content":{"rendered":"<p><img decoding=\"async\" loading=\"lazy\" class=\"alignnone size-medium wp-image-1786\" src=\"https:\/\/dkst.hr\/wp-content\/uploads\/2018\/11\/glasnik-14-15-204x300.jpg\" alt=\"\" width=\"204\" height=\"300\" srcset=\"https:\/\/dkst.hr\/wp-content\/uploads\/2018\/11\/glasnik-14-15-204x300.jpg 204w, https:\/\/dkst.hr\/wp-content\/uploads\/2018\/11\/glasnik-14-15.jpg 305w\" sizes=\"(max-width: 204px) 100vw, 204px\" \/><br \/>\n<strong>SADR\u017dAJ<\/strong> <strong>broja 14 &#8211; 15\/2016. &#8211; 2017.<\/strong><\/p>\n<p><a href=\"https:\/\/dkst.hr\/wp-content\/uploads\/2018\/11\/Ba\u010di\u0107-Predgovor-Preface.pdf\"><strong>Predgovor<\/strong><\/a><\/p>\n<p><strong>\u010clanci<\/strong><\/p>\n<p><a href=\"https:\/\/dkst.hr\/wp-content\/uploads\/2018\/11\/Aleksi\u0107-Javnost-i-imid\u017e-knji\u017enice.pdf\">Ljiljana Aleksi\u0107: Javnost i imid\u017e knji\u017enice: marketin\u0161ko istra\u017eivanje (str. 11 &#8211; 26)<\/a><\/p>\n<p><a href=\"https:\/\/dkst.hr\/wp-content\/uploads\/2018\/11\/Polanski.pdf\">Diana Polanski, Vikica Semenski, Vesna Stri\u010devi\u0107: Odnos podataka o odgovornosti i vrste autorstva u bibliografskom zapisu (str. 27 &#8211; 46)<\/a><\/p>\n<p><a href=\"https:\/\/dkst.hr\/wp-content\/uploads\/2018\/11\/Bokan.pdf\">Antonela Bokan: Vodeni znakovi Sirijsko-latinskog rje\u010dnika, rukopisa Odjela za specijalne zbirke Sveu\u010dili\u0161ne knji\u017enice u Grazu (str. 47 &#8211; 62)<\/a><\/p>\n<p><a href=\"https:\/\/dkst.hr\/wp-content\/uploads\/2018\/11\/Mir\u010deta-Zakarija.pdf\">Margita Mir\u010deta Zakarija: Knji\u017eni\u010dna zbirka splitske \u017didovske op\u0107ine u Splitu (str. 63 &#8211; 68)<\/a><\/p>\n<p><a href=\"https:\/\/dkst.hr\/wp-content\/uploads\/2018\/11\/Kolak.pdf\">Iva Kolak: Narodna \u010ditaonica cetinska u Sinju (str. 69 &#8211; 82)<\/a><\/p>\n<p><a href=\"https:\/\/dkst.hr\/wp-content\/uploads\/2018\/11\/Grubi\u0161i\u0107-Reiter.pdf\">Melinda Grubi\u0161i\u0107 Reiter: Knji\u017enica Tvornice lakih metala (str. 83 &#8211; 88)<\/a><\/p>\n<p><a href=\"https:\/\/dkst.hr\/wp-content\/uploads\/2018\/11\/Krn\u010devi\u0107-Mi\u0161e.pdf\">Karmen Krn\u010devi\u0107, Antonija Mi\u0161e: Predmetni katalog zavi\u010dajne zbirke <em>Sibenicensia<\/em> u \u0161ibenskoj Gradskoj knji\u017enici (str. 89 &#8211; 96)<\/a><\/p>\n<p><a href=\"https:\/\/dkst.hr\/wp-content\/uploads\/2018\/11\/\u0160imi\u0107.pdf\">Ana \u0160imi\u0107: Digitalizirane novine i \u010dasopisi iz fonda zavi\u010dajne zbirke <em>Sibenicensia<\/em> Gradske knji\u017enice &#8220;Juraj \u0160i\u017egori\u0107&#8221; \u0160ibenik (97 &#8211; 101)<\/a><\/p>\n<p><a href=\"https:\/\/dkst.hr\/wp-content\/uploads\/2018\/11\/Krn\u010devi\u0107-\u0160imi\u0107.pdf\">Karmen Krn\u010devi\u0107, Marina \u0160imi\u0107: Svi vi koji ne mo\u017eet \u010ditati standardni tisak, dobro do\u0161li u knji\u017enicu! (103 &#8211; 108)<\/a><\/p>\n<p><a href=\"https:\/\/dkst.hr\/wp-content\/uploads\/2018\/11\/\u010cali\u0107-Polegubi\u0107.pdf\">Marina \u010cali\u0107 Polegubi\u0107: \u010citateljski klub Gradske knji\u017enice &#8220;Juraj \u0160i\u017egori\u0107&#8221; \u0160ibenik (str. 109 &#8211; 112)<\/a><\/p>\n<p><a href=\"https:\/\/dkst.hr\/wp-content\/uploads\/2018\/11\/Grubi\u0161i\u0107-Reiter-Povijest-Knji\u017eni\u010darskog-dru\u0161tva-\u0160ibenik.pdf\">Melinda Grubi\u0161i\u0107 Reiter: Povijest Knji\u017eni\u010darskog dru\u0161tva \u0160ibenik (str. 113 &#8211; 118)<\/a><\/p>\n<p><strong>Osvrti<\/strong><\/p>\n<p><a href=\"https:\/\/dkst.hr\/wp-content\/uploads\/2018\/11\/Topi\u0107-Smisao-strukovnog-udru\u017eenja-danas.pdf\">Nada Topi\u0107: Smisao strukovnog udru\u017eenja danas &#8211; Dru\u0161tvo knji\u017eni\u010dara u Splitu (str. 119 &#8211; 120)<\/a><\/p>\n<p><a href=\"https:\/\/dkst.hr\/wp-content\/uploads\/2018\/11\/Radi\u0107.pdf\">Branka Radi\u0107: Osvrt na tre\u0107i me\u0111unarodni znanstveni skup <em>Knjiga i dru\u0161tvo: socijalna, filolo\u0161ka i intelektualna povijest i sada\u0161njost knjige<\/em> (121 &#8211; 124)<\/a><\/p>\n<p><a href=\"https:\/\/dkst.hr\/wp-content\/uploads\/2018\/11\/Jadrijevi\u0107-Dimzov.pdf\">Romana Jadrijevi\u0107, Snje\u017eana Dimzov: Prikaz izlo\u017ebe odabranih starih i rijetkih knjiga 19. stolje\u0107a s podru\u010dja Splita i Dalmacije iz fonda Knji\u017enice Filozofskog fakulteta u Splitu (str. 125 &#8211; 128)<\/a><\/p>\n<p><a href=\"https:\/\/dkst.hr\/wp-content\/uploads\/2018\/11\/Vu\u010dak.pdf\">Jadranka Vu\u010dak: Izlo\u017eba &#8220;<em>Ex libris<\/em> KTF&#8221; (str. 129 &#8211; 130)<\/a><\/p>\n<p><strong>Biografije i bibliografije \u010dlanova Dru\u0161tva<\/strong><\/p>\n<p><a href=\"https:\/\/dkst.hr\/wp-content\/uploads\/2018\/11\/Petar-Krolo.pdf\">Petar Krolo (str. 131 &#8211; 134)<\/a><\/p>\n<p><a href=\"https:\/\/dkst.hr\/wp-content\/uploads\/2018\/11\/Ivanka-Kui\u0107.pdf\">Ivanka Kui\u0107 (str. 135 &#8211; 136)<\/a><\/p>\n<p><a href=\"https:\/\/dkst.hr\/wp-content\/uploads\/2018\/11\/Ljiljana-Lu\u010din.pdf\">Ljiljana Lu\u010din (str. 137)<\/a><\/p>\n<p><a href=\"https:\/\/dkst.hr\/wp-content\/uploads\/2018\/11\/Gordana-Miolin.pdf\">Gordana Miolin (str. 138 &#8211; 141)<\/a><\/p>\n<p><a href=\"https:\/\/dkst.hr\/wp-content\/uploads\/2018\/11\/Eli-Pecoti\u0107.pdf\">Elli Pecoti\u0107 (str. 142 &#8211; 143)<\/a><\/p>\n<p><a href=\"https:\/\/dkst.hr\/wp-content\/uploads\/2018\/11\/Ingrid-Poljani\u0107.pdf\">Ingrid Poljani\u0107 (str. 144 &#8211; 145)<\/a><\/p>\n<p><a href=\"https:\/\/dkst.hr\/wp-content\/uploads\/2018\/11\/\u017deljka-\u0160egvi\u0107.pdf\">\u017deljka \u0160egvi\u0107 (str. 146)<\/a><\/p>\n<p><strong>Iz rada Dru\u0161tva knji\u017eni\u010dara u Splitu<\/strong><\/p>\n<p><a href=\"https:\/\/dkst.hr\/wp-content\/uploads\/2018\/11\/Topi\u0107-Izvje\u0161\u0107e-o-radu-Dru\u0161tva.pdf\">Nada Topi\u0107: Izvje\u0161\u0107e o radu Dru\u0161tva knji\u017eni\u010dara u Splitu 2016. i 2017. godine (str. 147 &#8211; 151)<\/a><\/p>\n<p><a href=\"https:\/\/dkst.hr\/wp-content\/uploads\/2018\/11\/Nagrade-zvanja.pdf\">Nagrade, zvanja i napredovanja u knji\u017eni\u010darstvu i obavijesti o umirovljenju \u010dlanova Dru\u0161tva knji\u017eni\u010dara u Splitu (str. 153)<\/a><\/p>\n<p><a href=\"https:\/\/dkst.hr\/wp-content\/uploads\/2018\/11\/Statut-DKST-Izmjene-i-dopune.pdf\">Statut DKST-a &#8211; izmjene i dopune (str. 155)<\/a><\/p>\n<p><a href=\"https:\/\/dkst.hr\/wp-content\/uploads\/2018\/11\/Poslovnik-o-radu-Skup\u0161tine-DKST-a.pdf\">Poslovnik o radu Skup\u0161tine DKST-a (str. 156 &#8211; 161)<\/a><\/p>\n<p><strong><em>In memoriam<\/em><\/strong><\/p>\n<p><a href=\"https:\/\/dkst.hr\/wp-content\/uploads\/2018\/11\/Asta-Furlan.pdf\">Asta Furlan (str. 163)<\/a><\/p>\n<p><a href=\"https:\/\/dkst.hr\/wp-content\/uploads\/2018\/11\/Nevena-Radovi\u0107.pdf\">Nevena Radovi\u0107 (str. 164 &#8211; 165)<\/a><\/p>\n<p><a href=\"https:\/\/dkst.hr\/wp-content\/uploads\/2018\/11\/Upute-autorima.pdf\"><strong>Upute autorima (str. 166 &#8211; 167)<\/strong><\/a><\/p>\n<p>*Tiskani oblik ovog broja <em>Glasnika<\/em> objavljen je uz potporu Splitsko-dalmatinske \u017eupanije.<\/p>\n","protected":false},"excerpt":{"rendered":"<p>SADR\u017dAJ broja 14 &#8211; 15\/2016. &#8211; 2017. Predgovor \u010clanci Ljiljana Aleksi\u0107: Javnost i imid\u017e knji\u017enice: marketin\u0161ko istra\u017eivanje (str. 11 &#8211; 26) Diana Polanski, Vikica Semenski, Vesna Stri\u010devi\u0107: Odnos podataka o&#8230; <\/p>\n","protected":false},"author":2,"featured_media":0,"parent":0,"menu_order":0,"comment_status":"closed","ping_status":"closed","template":"","meta":{"pgc_meta":"","spay_email":""},"pgc_meta":"","_links":{"self":[{"href":"https:\/\/dkst.hr\/index.php?rest_route=\/wp\/v2\/pages\/1785"}],"collection":[{"href":"https:\/\/dkst.hr\/index.php?rest_route=\/wp\/v2\/pages"}],"about":[{"href":"https:\/\/dkst.hr\/index.php?rest_route=\/wp\/v2\/types\/page"}],"author":[{"embeddable":true,"href":"https:\/\/dkst.hr\/index.php?rest_route=\/wp\/v2\/users\/2"}],"replies":[{"embeddable":true,"href":"https:\/\/dkst.hr\/index.php?rest_route=%2Fwp%2Fv2%2Fcomments&post=1785"}],"version-history":[{"count":5,"href":"https:\/\/dkst.hr\/index.php?rest_route=\/wp\/v2\/pages\/1785\/revisions"}],"predecessor-version":[{"id":1835,"href":"https:\/\/dkst.hr\/index.php?rest_route=\/wp\/v2\/pages\/1785\/revisions\/1835"}],"wp:attachment":[{"href":"https:\/\/dkst.hr\/index.php?rest_route=%2Fwp%2Fv2%2Fmedia&parent=1785"}],"curies":[{"name":"wp","href":"https:\/\/api.w.org\/{rel}","templated":true}]}}