{"id":1506,"date":"2018-03-25T14:30:07","date_gmt":"2018-03-25T14:30:07","guid":{"rendered":"http:\/\/dkst.hr\/?page_id=1506"},"modified":"2019-01-15T13:47:48","modified_gmt":"2019-01-15T13:47:48","slug":"knjiznice-sd-zupanije","status":"publish","type":"page","link":"https:\/\/dkst.hr\/?page_id=1506","title":{"rendered":"KNJI\u017dNICE SD \u017dUPANIJE"},"content":{"rendered":"<p>Foto: Gradska knji\u017enica Marka Maruli\u0107a u Splitu<br \/>\n<!--more--><\/p>\n<p><strong>SVEU\u010cILI\u0160NA KNJI\u017dNICA U SPLITU<\/strong><\/p>\n<p><a href=\"http:\/\/www.svkst.unist.hr\/\">Sveu\u010dili\u0161na knji\u017enica u Splitu<\/a><\/p>\n<p><strong>FAKULTETSKE KNJI\u017dNICE SVEU\u010cILI\u0160TA U SPLITU<\/strong><\/p>\n<p><a href=\"http:\/\/www.efst.unist.hr\/o-fakultetu\/fakultet\/knjiznica\">Knji\u017enica Ekonomskog fakulteta<br \/>\n<\/a><a href=\"https:\/\/www.fesb.unist.hr\/kontakt\/bib\">Knji\u017enica Fakulteta\u00a0elektrotehnike, strojarstva i brodogradnje<\/a><br \/>\n<a href=\"http:\/\/gradst.unist.hr\/knjiznica\/o-knjiznici\">Knji\u017enica\u00a0Fakulteta gra\u0111evinarstva, arhitekture i geodezije<\/a><br \/>\n<a href=\"http:\/\/www.ffst.unist.hr\/knjiznica\">Knji\u017enica Filozofskog fakulteta<\/a><br \/>\n<a href=\"http:\/\/library.foi.hr\/m3\/k.aspx?B=1414\">Knji\u017enica Katoli\u010dkog bogoslovnog fakulteta<br \/>\n<\/a><a href=\"https:\/\/www.ktf.unist.hr\/index.php\/knjiznica-3\">Knji\u017enica Kemijsko-tehnolo\u0161kog fakulteta<br \/>\n<\/a><a href=\"http:\/\/library.foi.hr\/m3\/k.aspx?B=1517&amp;P=1&amp;UID=1517000001111111\">Knji\u017enica Kineziolo\u0161kog fakulteta<\/a><br \/>\n<a href=\"http:\/\/www.szi.irb.hr\/knjiznice\/?libid=33&amp;task=nsl\">Knji\u017enica Medicinskog fakulteta<\/a><br \/>\n<a href=\"https:\/\/library.foi.hr\/m3\/k.aspx?b=424\">Knji\u017enica Pomorskog fakulteta<br \/>\n<\/a><a href=\"http:\/\/www.pravst.unist.hr\/fakultet.php?p=0&amp;s=107\">Knji\u017enica Pravnog fakulteta u Splitu<br \/>\n<\/a><a href=\"http:\/\/www.pmfst.unist.hr\/knjiznica\/\">Knji\u017enica Prirodoslovno-matemati\u010dkog fakulteta<br \/>\n<\/a><a href=\"https:\/\/www.oss.unist.hr\/studenti\/zivot-na-odjelu\/knjiznice\/knji%C5%BEnica-sveu%C4%8Dili%C5%A1nog-studijskog-odjela-za-stru%C4%8Dne-studije\">Knji\u017enica\u00a0Sveu\u010dili\u0161nog studijskog odjela za stru\u010dne studije<br \/>\n<\/a><a href=\"http:\/\/www.umas.unist.hr\/knjiznica\/\">Knji\u017enica Umjetni\u010dke akademije<\/a><\/p>\n<p><strong>SPECIJALNE KNJI\u017dNICE<\/strong><\/p>\n<p><a href=\"http:\/\/www.mdc.hr\/split-arheoloski\/hr\/FS-knjiznica.html\">Knji\u017enica Arheolo\u0161kog muzeja u Splitu<br \/>\n<\/a><a href=\"http:\/\/www.das.hr\/koristenje-gradiva\/knjiznica\/\">Knji\u017enica Dr\u017eavnog arhiva u Splitu<br \/>\n<\/a><a href=\"http:\/\/www.etnografski-muzej-split.hr\/\">Knji\u017enica Etnografskog muzeja u Splitu<br \/>\n<\/a><a href=\"http:\/\/www.hhi.hr\/staticpages\/index\/knjiznica\">Knji\u017enica Hrvatskog hidrografskog instituta u Splitu<br \/>\n<\/a><a href=\"http:\/\/www.izor.hr\/web\/guest\/knjiznica_uvod\">Knji\u017enica Instituta za oceanografiju i ribarstvo u Splitu<br \/>\n<\/a><a href=\"http:\/\/www.mhas-split.hr\/djelatnosti\/knjiznica\">Knji\u017enica Muzeja hrvatskih arheolo\u0161kih spomenika u Splitu<\/a><\/p>\n<p><strong>NARODNE KNJI\u017dNICE<\/strong><\/p>\n<p><a href=\"http:\/\/www.knjiznica.hr\/knjiznice\/zupanija\/17\">Portal narodnih knji\u017enica (Splitsko-dalmatinska \u017eupanija)<\/a><\/p>\n<p><a href=\"http:\/\/www.knjiznica-imotski.hr\/\">Gradska knji\u017enica Don Mihovil Pavlinovi\u0107, Imotski<\/a><\/p>\n<p><a href=\"http:\/\/www.knjiznicahvar.hr\/\">Gradska knji\u017enica i \u010ditaonica Hvar<\/a><\/p>\n<p><a href=\"http:\/\/www.gkk.hr\/\">Gradska knji\u017enica Ka\u0161tela<\/a><\/p>\n<p><a href=\"https:\/\/makarska.hr\/hr\/gradska-knjiznica-makarska\/63\">Gradska knji\u017enica Makarska<\/a><\/p>\n<p><a href=\"http:\/\/www.gkmm.hr\/\">Gradska knji\u017enica Marka Maruli\u0107a u Splitu<\/a><\/p>\n<p><a href=\"http:\/\/www.komiza.hr\/gradska-knjiznica\/\">Gradska knji\u017enica Ranko Marinkovi\u0107, Komi\u017ea<\/a><\/p>\n<p><a href=\"http:\/\/www.knjiznica.hr\/sinj\">Gradska knji\u017enica Sinj<\/a><\/p>\n<p><a href=\"http:\/\/www.knjiznicasolin.hr\/\">Gradska knji\u017enica Solin<\/a><\/p>\n<p><a href=\"http:\/\/gkt.hr\/\">Gradska knji\u017enica Trogir<\/a><\/p>\n<p><a href=\"http:\/\/hrvatska-citaonica-bol.hr\/\">Hrvatska \u010ditaonica Bol<\/a><\/p>\n<p><a href=\"http:\/\/www.knjiznica.hr\/dugi-rat\">Narodna knji\u017enica Dugi Rat<\/a><\/p>\n<p><a href=\"http:\/\/www.knjiznica.hr\/dugopolje\">Narodna knji\u017enica Dugopolje<\/a><\/p>\n<p><a href=\"http:\/\/knjiznica-omis.hr\/naslovnica.asp?linkid=1\">Narodna knji\u017enica Omi\u0161<br \/>\n<\/a><\/p>\n<p><a href=\"http:\/\/www.knjiznicasupetar.hr\/\">Narodna knji\u017enica Supetar (Bra\u010d)<\/a><\/p>\n<p><a href=\"http:\/\/www.knjiznica.hr\/bol\">Op\u0107inska knji\u017enica &#8220;Hrvatska \u010ditaonica&#8221; Bol (Bra\u010d)<\/a><a href=\"http:\/\/www.umas.unist.hr\/knjiznica\/\"><br \/>\n<\/a><\/p>\n<p><a href=\"http:\/\/moj-otok.com\/wp\/ari\/\">Hrvatska narodna knji\u017enica Antonio Rendi\u0107 Ivanovi\u0107, Sutivan<\/a><\/p>\n<p><strong>\u0160KOLSKE KNJI\u017dNICE<\/strong><\/p>\n<p>Podaci o pojedina\u010dnim \u0161kolskim knji\u017enicama mogu se prona\u0107i na \u0161kolskim mre\u017enim stranicama dostupnim na portalu skole.hr<\/p>\n<p><a href=\"http:\/\/www.skole.hr\/skole\/popis?mod_instance=229_1150_0&amp;pu_zupanija=Splitsko-dalmatinska&amp;x=45&amp;y=6\">Popis osnovnih i srednjih \u0161kola u Splitsko-dalmatinskoj \u017eupaniji<\/a><\/p>\n","protected":false},"excerpt":{"rendered":"<p>Foto: Gradska knji\u017enica Marka Maruli\u0107a u Splitu<\/p>\n","protected":false},"author":1,"featured_media":1590,"parent":0,"menu_order":0,"comment_status":"closed","ping_status":"closed","template":"","meta":{"pgc_meta":"","spay_email":""},"pgc_meta":"","_links":{"self":[{"href":"https:\/\/dkst.hr\/index.php?rest_route=\/wp\/v2\/pages\/1506"}],"collection":[{"href":"https:\/\/dkst.hr\/index.php?rest_route=\/wp\/v2\/pages"}],"about":[{"href":"https:\/\/dkst.hr\/index.php?rest_route=\/wp\/v2\/types\/page"}],"author":[{"embeddable":true,"href":"https:\/\/dkst.hr\/index.php?rest_route=\/wp\/v2\/users\/1"}],"replies":[{"embeddable":true,"href":"https:\/\/dkst.hr\/index.php?rest_route=%2Fwp%2Fv2%2Fcomments&post=1506"}],"version-history":[{"count":14,"href":"https:\/\/dkst.hr\/index.php?rest_route=\/wp\/v2\/pages\/1506\/revisions"}],"predecessor-version":[{"id":1874,"href":"https:\/\/dkst.hr\/index.php?rest_route=\/wp\/v2\/pages\/1506\/revisions\/1874"}],"wp:featuredmedia":[{"embeddable":true,"href":"https:\/\/dkst.hr\/index.php?rest_route=\/wp\/v2\/media\/1590"}],"wp:attachment":[{"href":"https:\/\/dkst.hr\/index.php?rest_route=%2Fwp%2Fv2%2Fmedia&parent=1506"}],"curies":[{"name":"wp","href":"https:\/\/api.w.org\/{rel}","templated":true}]}}