{"id":1393,"date":"2018-03-23T19:23:48","date_gmt":"2018-03-23T19:23:48","guid":{"rendered":"http:\/\/dkst.hr\/?page_id=1393"},"modified":"2018-03-25T15:20:46","modified_gmt":"2018-03-25T15:20:46","slug":"test-grid","status":"publish","type":"page","link":"https:\/\/dkst.hr\/","title":{"rendered":""},"content":{"rendered":"      <div id=\"post-grid-lazy-1463\" class=\"post-grid-lazy\"><img alt=\"\" src=\"\" \/><\/div>\n    <script>\n      jQuery('#post-grid-lazy-1463').ready(function($) {\n        $('#post-grid-lazy-1463').fadeOut();\n        $('#post-grid-1463   ').fadeIn();\n      })\n    <\/script>\n    <style type=\"text\/css\">\n      #post-grid-1463 {\n        display: none;\n      }\n\n      .post-grid-lazy {\n        text-align: center;\n      }\n    <\/style>\n    <div data-options='{&quot;id&quot;:&quot;1463&quot;,&quot;lazy_load&quot;:&quot;yes&quot;,&quot;masonry_enable&quot;:&quot;yes&quot;,&quot;view_type&quot;:&quot;grid&quot;}' id=\"post-grid-1463\" class=\"post-grid grid\">\n        <div class=\"grid-items\">\n      <div class=\"item item-2797 skin flat even 0 \">\n        <div class=\"layer-wrapper layout-\">\n        <div class=\"layer-media\"><\/div>\n  <div class=\"layer-content\">\n    <div class=\"element element_0  title_link \">\n    <a target=\"_self\"\n    href=\"https:\/\/dkst.hr\/?p=2797\">\u010cestitka!<\/a>\n  <\/div>\n<div class=\"element element_1  thumb_link \">\n    <a target=\"\" href=\"https:\/\/dkst.hr\/?p=2797\"><img\n      alt=\"\" src=\"https:\/\/dkst.hr\/wp-content\/uploads\/2017\/05\/vijesti.gif\"><\/a>\n\n  \n\n<\/div>\n<div class=\"element element_2  excerpt \">\n  Na prijedlog Hrvatskog knji\u017eni\u010dnog vije\u0107a, \u010dlanica na\u0161eg Dru\u0161tva kolegica Sanja Brbora iz Sveu\u010dili\u0161ne knji\u017enice u Splitu napredovala je u zvanje  <\/div>\n<a class=\"element element_3  read_more \"\n  target=\"_self\"\n  href=\"https:\/\/dkst.hr\/?p=2797\">Op\u0161irnije<\/a>\n\n  <\/div>\n    <\/div>\n  <\/div><div class=\"item item-2783 skin flat odd 1 \">\n        <div class=\"layer-wrapper layout-\">\n        <div class=\"layer-media\"><\/div>\n  <div class=\"layer-content\">\n    <div class=\"element element_0  title_link \">\n    <a target=\"_self\"\n    href=\"https:\/\/dkst.hr\/?p=2783\">Posebno izdanje tribine \u201eKnji\u017eni\u010dar i po!\u201c<\/a>\n  <\/div>\n<div class=\"element element_1  thumb_link \">\n    <a target=\"\" href=\"https:\/\/dkst.hr\/?p=2783\"><img\n      alt=\"\" src=\"https:\/\/dkst.hr\/wp-content\/uploads\/2025\/11\/tribina-6-1024x768.jpg\"><\/a>\n\n  \n\n<\/div>\n<div class=\"element element_2  excerpt \">\n  Povodom Mjeseca hrvatske knjige, koji se ove godine odr\u017eava pod motom \u201eOdabrali knji\u017eni\u010dari\u201c, 7. studenoga 2025. u Sredi\u0161njoj knji\u017enici GKMM  <\/div>\n<a class=\"element element_3  read_more \"\n  target=\"_self\"\n  href=\"https:\/\/dkst.hr\/?p=2783\">Op\u0161irnije<\/a>\n\n  <\/div>\n    <\/div>\n  <\/div><div class=\"item item-2775 skin flat even 2 \">\n        <div class=\"layer-wrapper layout-\">\n        <div class=\"layer-media\"><\/div>\n  <div class=\"layer-content\">\n    <div class=\"element element_0  title_link \">\n    <a target=\"_self\"\n    href=\"https:\/\/dkst.hr\/?p=2775\">Knji\u017eni\u010dar i po! &#8211; Special edition<\/a>\n  <\/div>\n<div class=\"element element_1  thumb_link \">\n    <a target=\"\" href=\"https:\/\/dkst.hr\/?p=2775\"><img\n      alt=\"\" src=\"https:\/\/dkst.hr\/wp-content\/uploads\/2025\/10\/ivan-i-nada-1024x768.jpg\"><\/a>\n\n  \n\n<\/div>\n<div class=\"element element_2  excerpt \">\n  U sklopu Mjeseca hrvatske knjige, koji se ove godine obilje\u017eava pod motom \u201eOdabrali knji\u017eni\u010dari\u201c, pozivamo vas na specijalno izdanje tribine  <\/div>\n<a class=\"element element_3  read_more \"\n  target=\"_self\"\n  href=\"https:\/\/dkst.hr\/?p=2775\">Op\u0161irnije<\/a>\n\n  <\/div>\n    <\/div>\n  <\/div><div class=\"item item-2765 skin flat odd 3 \">\n        <div class=\"layer-wrapper layout-\">\n        <div class=\"layer-media\"><\/div>\n  <div class=\"layer-content\">\n    <div class=\"element element_0  title_link \">\n    <a target=\"_self\"\n    href=\"https:\/\/dkst.hr\/?p=2765\">\u010cestitka!<\/a>\n  <\/div>\n<div class=\"element element_1  thumb_link \">\n    <a target=\"\" href=\"https:\/\/dkst.hr\/?p=2765\"><img\n      alt=\"\" src=\"https:\/\/dkst.hr\/wp-content\/uploads\/2025\/07\/Mestrovic_Iva_dkst.jpg\"><\/a>\n\n  \n\n<\/div>\n<div class=\"element element_2  excerpt \">\n  \u010cestitamo kolegici Ivi Me\u0161trovi\u0107 iz Knji\u017enice Etnografskog muzeja Split na stjecanju stru\u010dnog zvanja knji\u017eni\u010darske savjetnice i \u017eelimo joj puno uspjeha  <\/div>\n<a class=\"element element_3  read_more \"\n  target=\"_self\"\n  href=\"https:\/\/dkst.hr\/?p=2765\">Op\u0161irnije<\/a>\n\n  <\/div>\n    <\/div>\n  <\/div><div class=\"item item-2755 skin flat even 4 \">\n        <div class=\"layer-wrapper layout-\">\n        <div class=\"layer-media\"><\/div>\n  <div class=\"layer-content\">\n    <div class=\"element element_0  title_link \">\n    <a target=\"_self\"\n    href=\"https:\/\/dkst.hr\/?p=2755\">Poziv Uredni\u0161tva Glasnika Dru\u0161tva bibliotekara Split<\/a>\n  <\/div>\n<div class=\"element element_1  thumb_link \">\n    <a target=\"\" href=\"https:\/\/dkst.hr\/?p=2755\"><img\n      alt=\"\" src=\"https:\/\/dkst.hr\/wp-content\/uploads\/2018\/11\/Naslovna-Glasnik-14-15.jpg\"><\/a>\n\n  \n\n<\/div>\n<div class=\"element element_2  excerpt \">\n  Dragi kolegice i kolege, kao \u0161to je najavljeno na nedavno odr\u017eanoj Skup\u0161tini DKST-a, Glasnik Dru\u0161tva bibliotekara Split ide dalje uz  <\/div>\n<a class=\"element element_3  read_more \"\n  target=\"_self\"\n  href=\"https:\/\/dkst.hr\/?p=2755\">Op\u0161irnije<\/a>\n\n  <\/div>\n    <\/div>\n  <\/div><div class=\"item item-2728 skin flat odd 5 \">\n        <div class=\"layer-wrapper layout-\">\n        <div class=\"layer-media\"><\/div>\n  <div class=\"layer-content\">\n    <div class=\"element element_0  title_link \">\n    <a target=\"_self\"\n    href=\"https:\/\/dkst.hr\/?p=2728\">Mirta Mato\u0161i\u0107 &#8211; nova predsjednica Dru\u0161tva<\/a>\n  <\/div>\n<div class=\"element element_1  thumb_link \">\n    <a target=\"\" href=\"https:\/\/dkst.hr\/?p=2728\"><img\n      alt=\"\" src=\"https:\/\/dkst.hr\/wp-content\/uploads\/2018\/11\/Promocija-Glasnika-12.11.2018-4-1024x683.jpg\"><\/a>\n\n  \n\n<\/div>\n<div class=\"element element_2  excerpt \">\n  Na izbornoj skup\u0161tini Dru\u0161tva odr\u017eanoj 23. svibnja 2025. godine u GKMM Split izabrana je nova predsjednica Dru\u0161tva Mirta Mato\u0161i\u0107, knji\u017e.  <\/div>\n<a class=\"element element_3  read_more \"\n  target=\"_self\"\n  href=\"https:\/\/dkst.hr\/?p=2728\">Op\u0161irnije<\/a>\n\n  <\/div>\n    <\/div>\n  <\/div>    <\/div>\n    <div class=\"pagination\">\n      <div class=\"paginate\">\n    <span aria-current=\"page\" class=\"page-numbers current\">1<\/span>\n<a class=\"page-numbers\" href=\"https:\/\/dkst.hr\/index.php?rest_route=%2Fwp%2Fv2%2Fpages%2F1393&#038;paged=2\">2<\/a>\n<a class=\"page-numbers\" href=\"https:\/\/dkst.hr\/index.php?rest_route=%2Fwp%2Fv2%2Fpages%2F1393&#038;paged=3\">3<\/a>\n<span class=\"page-numbers dots\">&hellip;<\/span>\n<a class=\"page-numbers\" href=\"https:\/\/dkst.hr\/index.php?rest_route=%2Fwp%2Fv2%2Fpages%2F1393&#038;paged=20\">20<\/a>\n<a class=\"next page-numbers\" href=\"https:\/\/dkst.hr\/index.php?rest_route=%2Fwp%2Fv2%2Fpages%2F1393&#038;paged=2\">Sljede\u0107e<\/a>  <\/div>\n  <style type=\"text\/css\">\n    #post-grid-1463 .pagination .page-numbers {\n      font-size: 17px;\n      color: #646464;\n      background: #646464;\n    }\n\n    #post-grid-1463 .pagination .page-numbers:hover,\n    #post-grid-1463 .pagination .page-numbers.current {\n      background: #4b4b4b;\n    }\n  <\/style>\n  <\/div>\n\n\n      <style type=\"text\/css\">\n      \/*Write your CSS code here*\/    <\/style>\n  \n\n    <script>\n          \/*Write your js code here*\/          <\/script>\n    <style type=\"text\/css\">\n    #post-grid-1463 .element_0 {\n      font-size:16px;display:block;padding:10px;     }\n\n    #post-grid-1463 .element_1 {\n      font-size:12px;display:block;padding:10px;    }\n\n    #post-grid-1463 .element_2 {\n      font-size:13px;display:block;padding:10px;text-align: justify;word-spacing: normal; line-height: normal;    }\n\n    #post-grid-1463 .element_3 {\n      font-size:12px;display:block;padding:10px;    }\n\n    #post-grid-1463 .element_0:hover{}#post-grid-1463 .element_1:hover{}#post-grid-1463 .element_2:hover{}#post-grid-1463 .element_3:hover{}  <\/style>\n  <style type=\"text\/css\">\n    #post-grid-1463 {\n      padding: 10px;\n      background-color: #ffffff;\n          }\n\n    #post-grid-1463 .item {\n      background: #e5e5e5;\n          }\n\n    #post-grid-1463 .item .layer-media {\n      height:auto;    }\n\n    @media only screen and (min-width: 0px) and (max-width: 767px) {\n      #post-grid-1463 .grid-items {\n        text-align: center;\n              }\n\n      #post-grid-1463 .item {\n        width: 90%;\n        margin: 10px;\n        display: inline-block;\n        vertical-align: top;\n        height:auto;      }\n    }\n\n    @media only screen and (min-width: 768px) and (max-width: 1023px) {\n      #post-grid-1463 .grid-items {\n        text-align: center;\n              }\n\n      #post-grid-1463 .item {\n        width: 280px;\n        margin: 10px;\n        display: inline-block;\n        vertical-align: top;\n        max-height:auto;      }\n    }\n\n    @media only screen and (min-width: 1024px) {\n      #post-grid-1463 .grid-items {\n        text-align: center;\n              }\n\n      #post-grid-1463 .item {\n        width: 350px;\n        display: inline-block;\n        margin: 10px;\n        vertical-align: top;\n        height:auto;      }\n    }\n\n      <\/style>\n  <\/div>\n\n","protected":false},"excerpt":{"rendered":"","protected":false},"author":1,"featured_media":0,"parent":0,"menu_order":0,"comment_status":"closed","ping_status":"closed","template":"page-templates\/fullwidth.php","meta":{"pgc_meta":"","spay_email":""},"pgc_meta":"","_links":{"self":[{"href":"https:\/\/dkst.hr\/index.php?rest_route=\/wp\/v2\/pages\/1393"}],"collection":[{"href":"https:\/\/dkst.hr\/index.php?rest_route=\/wp\/v2\/pages"}],"about":[{"href":"https:\/\/dkst.hr\/index.php?rest_route=\/wp\/v2\/types\/page"}],"author":[{"embeddable":true,"href":"https:\/\/dkst.hr\/index.php?rest_route=\/wp\/v2\/users\/1"}],"replies":[{"embeddable":true,"href":"https:\/\/dkst.hr\/index.php?rest_route=%2Fwp%2Fv2%2Fcomments&post=1393"}],"version-history":[{"count":26,"href":"https:\/\/dkst.hr\/index.php?rest_route=\/wp\/v2\/pages\/1393\/revisions"}],"predecessor-version":[{"id":1520,"href":"https:\/\/dkst.hr\/index.php?rest_route=\/wp\/v2\/pages\/1393\/revisions\/1520"}],"wp:attachment":[{"href":"https:\/\/dkst.hr\/index.php?rest_route=%2Fwp%2Fv2%2Fmedia&parent=1393"}],"curies":[{"name":"wp","href":"https:\/\/api.w.org\/{rel}","templated":true}]}}